{"id":9463,"date":"2024-08-30T18:13:37","date_gmt":"2024-08-30T16:13:37","guid":{"rendered":"https:\/\/mfgraphicdesigner.com\/?page_id=9463"},"modified":"2024-11-12T13:42:08","modified_gmt":"2024-11-12T12:42:08","slug":"identite-visuelle-powerup","status":"publish","type":"page","link":"https:\/\/mfgraphicdesigner.com\/index.php\/identite-visuelle-powerup\/","title":{"rendered":"Identit\u00e9 visuelle Powerup"},"content":{"rendered":"\t\t<div data-elementor-type=\"wp-page\" data-elementor-id=\"9463\" class=\"elementor elementor-9463\" data-elementor-settings=\"{&quot;ha_cmc_init_switcher&quot;:&quot;no&quot;}\">\n\t\t\t\t<div class=\"elementor-element elementor-element-5f258af e-flex e-con-boxed wpr-particle-no wpr-jarallax-no wpr-parallax-no wpr-sticky-section-no wpr-equal-height-no e-con e-parent\" data-id=\"5f258af\" data-element_type=\"container\" data-e-type=\"container\" data-settings=\"{&quot;_ha_eqh_enable&quot;:false}\">\n\t\t\t\t\t<div class=\"e-con-inner\">\n\t\t<div class=\"elementor-element elementor-element-93b7b31 e-con-full e-flex wpr-particle-no wpr-jarallax-no wpr-parallax-no wpr-sticky-section-no wpr-equal-height-no e-con e-child\" data-id=\"93b7b31\" data-element_type=\"container\" data-e-type=\"container\" data-settings=\"{&quot;_ha_eqh_enable&quot;:false}\">\n\t\t\t\t<div class=\"elementor-element elementor-element-b000c93 elementor-invisible elementor-widget elementor-widget-image\" data-id=\"b000c93\" data-element_type=\"widget\" data-e-type=\"widget\" data-settings=\"{&quot;_animation&quot;:&quot;fadeInLeft&quot;,&quot;_animation_mobile&quot;:&quot;none&quot;}\" data-widget_type=\"image.default\">\n\t\t\t\t<div class=\"elementor-widget-container\">\n\t\t\t\t\t\t\t\t\t\t\t\t\t\t\t<img fetchpriority=\"high\" decoding=\"async\" width=\"922\" height=\"1024\" src=\"https:\/\/mfgraphicdesigner.com\/wp-content\/uploads\/2024\/08\/powerup-galerie-922x1024.jpg\" class=\"attachment-large size-large wp-image-4376\" alt=\"Logo Powerup inspir\u00e9 de la technologie de l&#039;entreprise\" srcset=\"https:\/\/mfgraphicdesigner.com\/wp-content\/uploads\/2024\/08\/powerup-galerie-922x1024.jpg 922w, https:\/\/mfgraphicdesigner.com\/wp-content\/uploads\/2024\/08\/powerup-galerie-270x300.jpg 270w, https:\/\/mfgraphicdesigner.com\/wp-content\/uploads\/2024\/08\/powerup-galerie-1383x1536.jpg 1383w, https:\/\/mfgraphicdesigner.com\/wp-content\/uploads\/2024\/08\/powerup-galerie-1843x2048.jpg 1843w, https:\/\/mfgraphicdesigner.com\/wp-content\/uploads\/2024\/08\/powerup-galerie-600x667.jpg 600w, https:\/\/mfgraphicdesigner.com\/wp-content\/uploads\/2024\/08\/powerup-galerie.jpg 1875w\" sizes=\"100vw\" \/>\t\t\t\t\t\t\t\t\t\t\t\t\t\t\t<\/div>\n\t\t\t\t<\/div>\n\t\t\t\t<\/div>\n\t\t<div class=\"elementor-element elementor-element-b5cbfb9 e-con-full e-flex wpr-particle-no wpr-jarallax-no wpr-parallax-no wpr-sticky-section-no wpr-equal-height-no e-con e-child\" data-id=\"b5cbfb9\" data-element_type=\"container\" data-e-type=\"container\" data-settings=\"{&quot;_ha_eqh_enable&quot;:false}\">\n\t\t\t\t<div class=\"elementor-element elementor-element-520517b elementor-invisible elementor-widget elementor-widget-heading\" data-id=\"520517b\" data-element_type=\"widget\" data-e-type=\"widget\" data-settings=\"{&quot;_animation&quot;:&quot;fadeInRight&quot;,&quot;_animation_mobile&quot;:&quot;none&quot;}\" data-widget_type=\"heading.default\">\n\t\t\t\t<div class=\"elementor-widget-container\">\n\t\t\t\t\t<h1 class=\"elementor-heading-title elementor-size-default\">Identit\u00e9 visuelle Powerup<\/h1>\t\t\t\t<\/div>\n\t\t\t\t<\/div>\n\t\t\t\t<div class=\"elementor-element elementor-element-0cbedaa elementor-invisible elementor-widget elementor-widget-heading\" data-id=\"0cbedaa\" data-element_type=\"widget\" data-e-type=\"widget\" data-settings=\"{&quot;_animation&quot;:&quot;fadeInRight&quot;,&quot;_animation_mobile&quot;:&quot;none&quot;,&quot;_animation_delay&quot;:100}\" data-widget_type=\"heading.default\">\n\t\t\t\t<div class=\"elementor-widget-container\">\n\t\t\t\t\t<h2 class=\"elementor-heading-title elementor-size-default\">Inspiration technologique<\/h2>\t\t\t\t<\/div>\n\t\t\t\t<\/div>\n\t\t\t\t<div class=\"elementor-element elementor-element-c9d9f82 elementor-widget__width-initial elementor-invisible elementor-widget elementor-widget-text-editor\" data-id=\"c9d9f82\" data-element_type=\"widget\" data-e-type=\"widget\" data-settings=\"{&quot;_animation&quot;:&quot;fadeInRight&quot;,&quot;_animation_mobile&quot;:&quot;none&quot;,&quot;_animation_delay&quot;:200}\" data-widget_type=\"text-editor.default\">\n\t\t\t\t<div class=\"elementor-widget-container\">\n\t\t\t\t\t\t\t\t\t<div class=\"page\" title=\"Page 4\"><div class=\"layoutArea\"><div class=\"column\"><p>PowerUp est une entreprise sp\u00e9cialis\u00e9e dans l&rsquo;optimisation de la dur\u00e9e de vie des batteries. L\u2019identite\u0301 visuelle cr\u00e9\u00e9e refle\u0300te la notion de gestion et de supervision des batteries, axe\u0301e sur une dynamique de mouvement et de courbe. Elle s\u2019inspire des me\u0301thodes de diagnostic de l\u2019e\u0301tat de sante\u0301 des batteries reprenant notamment une courbe.<\/p><p>Cette courbe devient un signe identitaire, repris a\u0300 la fois pour le logo PowerUp mais e\u0301galement pour celui de la technologie M.A.P. de\u0301veloppe\u0301e. Elle se de\u0301cline sous diffe\u0301rentes formes et couleurs suivant les supports.<\/p><\/div><\/div><\/div>\t\t\t\t\t\t\t\t<\/div>\n\t\t\t\t<\/div>\n\t\t\t\t<\/div>\n\t\t\t\t\t<\/div>\n\t\t\t\t<\/div>\n\t\t<div class=\"elementor-element elementor-element-3320f86 e-flex e-con-boxed wpr-particle-no wpr-jarallax-no wpr-parallax-no wpr-sticky-section-no wpr-equal-height-no e-con e-parent\" data-id=\"3320f86\" data-element_type=\"container\" data-e-type=\"container\" data-settings=\"{&quot;_ha_eqh_enable&quot;:false}\">\n\t\t\t\t\t<div class=\"e-con-inner\">\n\t\t<div class=\"elementor-element elementor-element-32af1ba e-con-full e-flex wpr-particle-no wpr-jarallax-no wpr-parallax-no wpr-sticky-section-no wpr-equal-height-no e-con e-child\" data-id=\"32af1ba\" data-element_type=\"container\" data-e-type=\"container\" data-settings=\"{&quot;_ha_eqh_enable&quot;:false}\">\n\t\t\t\t<div class=\"elementor-element elementor-element-797014a elementor-invisible elementor-widget elementor-widget-image\" data-id=\"797014a\" data-element_type=\"widget\" data-e-type=\"widget\" data-settings=\"{&quot;_animation&quot;:&quot;fadeInLeft&quot;,&quot;_animation_mobile&quot;:&quot;none&quot;}\" data-widget_type=\"image.default\">\n\t\t\t\t<div class=\"elementor-widget-container\">\n\t\t\t\t\t\t\t\t\t\t\t\t\t\t\t<img decoding=\"async\" width=\"950\" height=\"672\" src=\"https:\/\/mfgraphicdesigner.com\/wp-content\/uploads\/2024\/09\/powerup-logo-1024x724.jpg\" class=\"attachment-large size-large wp-image-10470\" alt=\"Logo Powerup vert et gris inspir\u00e9 de la technologie de l&#039;entreprise\" srcset=\"https:\/\/mfgraphicdesigner.com\/wp-content\/uploads\/2024\/09\/powerup-logo-1024x724.jpg 1024w, https:\/\/mfgraphicdesigner.com\/wp-content\/uploads\/2024\/09\/powerup-logo-300x212.jpg 300w, https:\/\/mfgraphicdesigner.com\/wp-content\/uploads\/2024\/09\/powerup-logo-1536x1086.jpg 1536w, https:\/\/mfgraphicdesigner.com\/wp-content\/uploads\/2024\/09\/powerup-logo-600x424.jpg 600w, https:\/\/mfgraphicdesigner.com\/wp-content\/uploads\/2024\/09\/powerup-logo.jpg 1754w\" sizes=\"100vw\" \/>\t\t\t\t\t\t\t\t\t\t\t\t\t\t\t<\/div>\n\t\t\t\t<\/div>\n\t\t\t\t<\/div>\n\t\t<div class=\"elementor-element elementor-element-4991607 e-con-full e-flex wpr-particle-no wpr-jarallax-no wpr-parallax-no wpr-sticky-section-no wpr-equal-height-no e-con e-child\" data-id=\"4991607\" data-element_type=\"container\" data-e-type=\"container\" data-settings=\"{&quot;_ha_eqh_enable&quot;:false}\">\n\t\t\t\t<div class=\"elementor-element elementor-element-88391e4 elementor-invisible elementor-widget elementor-widget-image\" data-id=\"88391e4\" data-element_type=\"widget\" data-e-type=\"widget\" data-settings=\"{&quot;_animation&quot;:&quot;fadeInRight&quot;,&quot;_animation_mobile&quot;:&quot;none&quot;}\" data-widget_type=\"image.default\">\n\t\t\t\t<div class=\"elementor-widget-container\">\n\t\t\t\t\t\t\t\t\t\t\t\t\t\t\t<img decoding=\"async\" width=\"950\" height=\"672\" src=\"https:\/\/mfgraphicdesigner.com\/wp-content\/uploads\/2024\/09\/powerup-map-logo-1024x724.jpg\" class=\"attachment-large size-large wp-image-10469\" alt=\"Logo MAP vert et gris inspir\u00e9 de la technologie de l&#039;entreprise PowerUp\" srcset=\"https:\/\/mfgraphicdesigner.com\/wp-content\/uploads\/2024\/09\/powerup-map-logo-1024x724.jpg 1024w, https:\/\/mfgraphicdesigner.com\/wp-content\/uploads\/2024\/09\/powerup-map-logo-300x212.jpg 300w, https:\/\/mfgraphicdesigner.com\/wp-content\/uploads\/2024\/09\/powerup-map-logo-1536x1086.jpg 1536w, https:\/\/mfgraphicdesigner.com\/wp-content\/uploads\/2024\/09\/powerup-map-logo-600x424.jpg 600w, https:\/\/mfgraphicdesigner.com\/wp-content\/uploads\/2024\/09\/powerup-map-logo.jpg 1754w\" sizes=\"100vw\" \/>\t\t\t\t\t\t\t\t\t\t\t\t\t\t\t<\/div>\n\t\t\t\t<\/div>\n\t\t\t\t<\/div>\n\t\t\t\t\t<\/div>\n\t\t\t\t<\/div>\n\t\t\t\t<\/div>\n\t\t","protected":false},"excerpt":{"rendered":"<p>Identit\u00e9 visuelle Powerup Inspiration technologique PowerUp est une entreprise sp\u00e9cialis\u00e9e dans l&rsquo;optimisation de la dur\u00e9e de vie des batteries. L\u2019identite\u0301 visuelle cr\u00e9\u00e9e refle\u0300te la notion de gestion et de supervision des batteries, axe\u0301e sur une dynamique de mouvement et de courbe. Elle s\u2019inspire des me\u0301thodes de diagnostic de l\u2019e\u0301tat de sante\u0301 des batteries reprenant notamment une courbe. Cette courbe devient un signe identitaire, repris a\u0300 la fois pour le logo PowerUp mais e\u0301galement pour celui de la technologie M.A.P. de\u0301veloppe\u0301e. Elle se de\u0301cline sous diffe\u0301rentes formes et couleurs suivant les supports.<\/p>\n","protected":false},"author":1,"featured_media":0,"parent":0,"menu_order":0,"comment_status":"closed","ping_status":"closed","template":"","meta":{"inspiro_hide_title":false,"footnotes":""},"class_list":["post-9463","page","type-page","status-publish","hentry"],"yoast_head":"<!-- This site is optimized with the Yoast SEO plugin v27.5 - https:\/\/yoast.com\/product\/yoast-seo-wordpress\/ -->\n<title>Identit\u00e9 visuelle Powerup - mfgraphicdesigner<\/title>\n<meta name=\"description\" content=\"Une identit\u00e9 visuelle ax\u00e9e sur une dynamique de courbe s\u2019inspirant des m\u00e9thodes de diagnostic de l\u2019\u00e9tat de sant\u00e9 des batteries.\" \/>\n<meta name=\"robots\" content=\"index, follow, max-snippet:-1, max-image-preview:large, max-video-preview:-1\" \/>\n<link rel=\"canonical\" href=\"https:\/\/mfgraphicdesigner.com\/index.php\/identite-visuelle-powerup\/\" \/>\n<meta property=\"og:locale\" content=\"fr_FR\" \/>\n<meta property=\"og:type\" content=\"article\" \/>\n<meta property=\"og:title\" content=\"Identit\u00e9 visuelle Powerup - mfgraphicdesigner\" \/>\n<meta property=\"og:description\" content=\"Une identit\u00e9 visuelle ax\u00e9e sur une dynamique de courbe s\u2019inspirant des m\u00e9thodes de diagnostic de l\u2019\u00e9tat de sant\u00e9 des batteries.\" \/>\n<meta property=\"og:url\" content=\"https:\/\/mfgraphicdesigner.com\/index.php\/identite-visuelle-powerup\/\" \/>\n<meta property=\"og:site_name\" content=\"mfgraphicdesigner\" \/>\n<meta property=\"article:modified_time\" content=\"2024-11-12T12:42:08+00:00\" \/>\n<meta property=\"og:image\" content=\"http:\/\/mfgraphicdesigner.com\/wp-content\/uploads\/2024\/08\/powerup-galerie-922x1024.jpg\" \/>\n<meta name=\"twitter:card\" content=\"summary_large_image\" \/>\n<meta name=\"twitter:label1\" content=\"Dur\u00e9e de lecture estim\u00e9e\" \/>\n\t<meta name=\"twitter:data1\" content=\"2 minutes\" \/>\n<script type=\"application\/ld+json\" class=\"yoast-schema-graph\">{\"@context\":\"https:\\\/\\\/schema.org\",\"@graph\":[{\"@type\":\"WebPage\",\"@id\":\"https:\\\/\\\/mfgraphicdesigner.com\\\/index.php\\\/identite-visuelle-powerup\\\/\",\"url\":\"https:\\\/\\\/mfgraphicdesigner.com\\\/index.php\\\/identite-visuelle-powerup\\\/\",\"name\":\"Identit\u00e9 visuelle Powerup - mfgraphicdesigner\",\"isPartOf\":{\"@id\":\"https:\\\/\\\/mfgraphicdesigner.com\\\/#website\"},\"primaryImageOfPage\":{\"@id\":\"https:\\\/\\\/mfgraphicdesigner.com\\\/index.php\\\/identite-visuelle-powerup\\\/#primaryimage\"},\"image\":{\"@id\":\"https:\\\/\\\/mfgraphicdesigner.com\\\/index.php\\\/identite-visuelle-powerup\\\/#primaryimage\"},\"thumbnailUrl\":\"http:\\\/\\\/mfgraphicdesigner.com\\\/wp-content\\\/uploads\\\/2024\\\/08\\\/powerup-galerie-922x1024.jpg\",\"datePublished\":\"2024-08-30T16:13:37+00:00\",\"dateModified\":\"2024-11-12T12:42:08+00:00\",\"description\":\"Une identit\u00e9 visuelle ax\u00e9e sur une dynamique de courbe s\u2019inspirant des m\u00e9thodes de diagnostic de l\u2019\u00e9tat de sant\u00e9 des batteries.\",\"breadcrumb\":{\"@id\":\"https:\\\/\\\/mfgraphicdesigner.com\\\/index.php\\\/identite-visuelle-powerup\\\/#breadcrumb\"},\"inLanguage\":\"fr-FR\",\"potentialAction\":[{\"@type\":\"ReadAction\",\"target\":[\"https:\\\/\\\/mfgraphicdesigner.com\\\/index.php\\\/identite-visuelle-powerup\\\/\"]}]},{\"@type\":\"ImageObject\",\"inLanguage\":\"fr-FR\",\"@id\":\"https:\\\/\\\/mfgraphicdesigner.com\\\/index.php\\\/identite-visuelle-powerup\\\/#primaryimage\",\"url\":\"http:\\\/\\\/mfgraphicdesigner.com\\\/wp-content\\\/uploads\\\/2024\\\/08\\\/powerup-galerie-922x1024.jpg\",\"contentUrl\":\"http:\\\/\\\/mfgraphicdesigner.com\\\/wp-content\\\/uploads\\\/2024\\\/08\\\/powerup-galerie-922x1024.jpg\"},{\"@type\":\"BreadcrumbList\",\"@id\":\"https:\\\/\\\/mfgraphicdesigner.com\\\/index.php\\\/identite-visuelle-powerup\\\/#breadcrumb\",\"itemListElement\":[{\"@type\":\"ListItem\",\"position\":1,\"name\":\"Accueil\",\"item\":\"https:\\\/\\\/mfgraphicdesigner.com\\\/\"},{\"@type\":\"ListItem\",\"position\":2,\"name\":\"Identit\u00e9 visuelle Powerup\"}]},{\"@type\":\"WebSite\",\"@id\":\"https:\\\/\\\/mfgraphicdesigner.com\\\/#website\",\"url\":\"https:\\\/\\\/mfgraphicdesigner.com\\\/\",\"name\":\"mfgraphicdesigner.com\",\"description\":\"\",\"publisher\":{\"@id\":\"https:\\\/\\\/mfgraphicdesigner.com\\\/#organization\"},\"potentialAction\":[{\"@type\":\"SearchAction\",\"target\":{\"@type\":\"EntryPoint\",\"urlTemplate\":\"https:\\\/\\\/mfgraphicdesigner.com\\\/?s={search_term_string}\"},\"query-input\":{\"@type\":\"PropertyValueSpecification\",\"valueRequired\":true,\"valueName\":\"search_term_string\"}}],\"inLanguage\":\"fr-FR\"},{\"@type\":\"Organization\",\"@id\":\"https:\\\/\\\/mfgraphicdesigner.com\\\/#organization\",\"name\":\"mfgraphicdesigner.com\",\"url\":\"https:\\\/\\\/mfgraphicdesigner.com\\\/\",\"logo\":{\"@type\":\"ImageObject\",\"inLanguage\":\"fr-FR\",\"@id\":\"https:\\\/\\\/mfgraphicdesigner.com\\\/#\\\/schema\\\/logo\\\/image\\\/\",\"url\":\"https:\\\/\\\/mfgraphicdesigner.com\\\/wp-content\\\/uploads\\\/2024\\\/01\\\/logo-final.png\",\"contentUrl\":\"https:\\\/\\\/mfgraphicdesigner.com\\\/wp-content\\\/uploads\\\/2024\\\/01\\\/logo-final.png\",\"width\":3798,\"height\":3646,\"caption\":\"mfgraphicdesigner.com\"},\"image\":{\"@id\":\"https:\\\/\\\/mfgraphicdesigner.com\\\/#\\\/schema\\\/logo\\\/image\\\/\"}}]}<\/script>\n<!-- \/ Yoast SEO plugin. -->","yoast_head_json":{"title":"Identit\u00e9 visuelle Powerup - mfgraphicdesigner","description":"Une identit\u00e9 visuelle ax\u00e9e sur une dynamique de courbe s\u2019inspirant des m\u00e9thodes de diagnostic de l\u2019\u00e9tat de sant\u00e9 des batteries.","robots":{"index":"index","follow":"follow","max-snippet":"max-snippet:-1","max-image-preview":"max-image-preview:large","max-video-preview":"max-video-preview:-1"},"canonical":"https:\/\/mfgraphicdesigner.com\/index.php\/identite-visuelle-powerup\/","og_locale":"fr_FR","og_type":"article","og_title":"Identit\u00e9 visuelle Powerup - mfgraphicdesigner","og_description":"Une identit\u00e9 visuelle ax\u00e9e sur une dynamique de courbe s\u2019inspirant des m\u00e9thodes de diagnostic de l\u2019\u00e9tat de sant\u00e9 des batteries.","og_url":"https:\/\/mfgraphicdesigner.com\/index.php\/identite-visuelle-powerup\/","og_site_name":"mfgraphicdesigner","article_modified_time":"2024-11-12T12:42:08+00:00","og_image":[{"url":"http:\/\/mfgraphicdesigner.com\/wp-content\/uploads\/2024\/08\/powerup-galerie-922x1024.jpg","type":"","width":"","height":""}],"twitter_card":"summary_large_image","twitter_misc":{"Dur\u00e9e de lecture estim\u00e9e":"2 minutes"},"schema":{"@context":"https:\/\/schema.org","@graph":[{"@type":"WebPage","@id":"https:\/\/mfgraphicdesigner.com\/index.php\/identite-visuelle-powerup\/","url":"https:\/\/mfgraphicdesigner.com\/index.php\/identite-visuelle-powerup\/","name":"Identit\u00e9 visuelle Powerup - mfgraphicdesigner","isPartOf":{"@id":"https:\/\/mfgraphicdesigner.com\/#website"},"primaryImageOfPage":{"@id":"https:\/\/mfgraphicdesigner.com\/index.php\/identite-visuelle-powerup\/#primaryimage"},"image":{"@id":"https:\/\/mfgraphicdesigner.com\/index.php\/identite-visuelle-powerup\/#primaryimage"},"thumbnailUrl":"http:\/\/mfgraphicdesigner.com\/wp-content\/uploads\/2024\/08\/powerup-galerie-922x1024.jpg","datePublished":"2024-08-30T16:13:37+00:00","dateModified":"2024-11-12T12:42:08+00:00","description":"Une identit\u00e9 visuelle ax\u00e9e sur une dynamique de courbe s\u2019inspirant des m\u00e9thodes de diagnostic de l\u2019\u00e9tat de sant\u00e9 des batteries.","breadcrumb":{"@id":"https:\/\/mfgraphicdesigner.com\/index.php\/identite-visuelle-powerup\/#breadcrumb"},"inLanguage":"fr-FR","potentialAction":[{"@type":"ReadAction","target":["https:\/\/mfgraphicdesigner.com\/index.php\/identite-visuelle-powerup\/"]}]},{"@type":"ImageObject","inLanguage":"fr-FR","@id":"https:\/\/mfgraphicdesigner.com\/index.php\/identite-visuelle-powerup\/#primaryimage","url":"http:\/\/mfgraphicdesigner.com\/wp-content\/uploads\/2024\/08\/powerup-galerie-922x1024.jpg","contentUrl":"http:\/\/mfgraphicdesigner.com\/wp-content\/uploads\/2024\/08\/powerup-galerie-922x1024.jpg"},{"@type":"BreadcrumbList","@id":"https:\/\/mfgraphicdesigner.com\/index.php\/identite-visuelle-powerup\/#breadcrumb","itemListElement":[{"@type":"ListItem","position":1,"name":"Accueil","item":"https:\/\/mfgraphicdesigner.com\/"},{"@type":"ListItem","position":2,"name":"Identit\u00e9 visuelle Powerup"}]},{"@type":"WebSite","@id":"https:\/\/mfgraphicdesigner.com\/#website","url":"https:\/\/mfgraphicdesigner.com\/","name":"mfgraphicdesigner.com","description":"","publisher":{"@id":"https:\/\/mfgraphicdesigner.com\/#organization"},"potentialAction":[{"@type":"SearchAction","target":{"@type":"EntryPoint","urlTemplate":"https:\/\/mfgraphicdesigner.com\/?s={search_term_string}"},"query-input":{"@type":"PropertyValueSpecification","valueRequired":true,"valueName":"search_term_string"}}],"inLanguage":"fr-FR"},{"@type":"Organization","@id":"https:\/\/mfgraphicdesigner.com\/#organization","name":"mfgraphicdesigner.com","url":"https:\/\/mfgraphicdesigner.com\/","logo":{"@type":"ImageObject","inLanguage":"fr-FR","@id":"https:\/\/mfgraphicdesigner.com\/#\/schema\/logo\/image\/","url":"https:\/\/mfgraphicdesigner.com\/wp-content\/uploads\/2024\/01\/logo-final.png","contentUrl":"https:\/\/mfgraphicdesigner.com\/wp-content\/uploads\/2024\/01\/logo-final.png","width":3798,"height":3646,"caption":"mfgraphicdesigner.com"},"image":{"@id":"https:\/\/mfgraphicdesigner.com\/#\/schema\/logo\/image\/"}}]}},"_links":{"self":[{"href":"https:\/\/mfgraphicdesigner.com\/index.php\/wp-json\/wp\/v2\/pages\/9463","targetHints":{"allow":["GET"]}}],"collection":[{"href":"https:\/\/mfgraphicdesigner.com\/index.php\/wp-json\/wp\/v2\/pages"}],"about":[{"href":"https:\/\/mfgraphicdesigner.com\/index.php\/wp-json\/wp\/v2\/types\/page"}],"author":[{"embeddable":true,"href":"https:\/\/mfgraphicdesigner.com\/index.php\/wp-json\/wp\/v2\/users\/1"}],"replies":[{"embeddable":true,"href":"https:\/\/mfgraphicdesigner.com\/index.php\/wp-json\/wp\/v2\/comments?post=9463"}],"version-history":[{"count":122,"href":"https:\/\/mfgraphicdesigner.com\/index.php\/wp-json\/wp\/v2\/pages\/9463\/revisions"}],"predecessor-version":[{"id":17316,"href":"https:\/\/mfgraphicdesigner.com\/index.php\/wp-json\/wp\/v2\/pages\/9463\/revisions\/17316"}],"wp:attachment":[{"href":"https:\/\/mfgraphicdesigner.com\/index.php\/wp-json\/wp\/v2\/media?parent=9463"}],"curies":[{"name":"wp","href":"https:\/\/api.w.org\/{rel}","templated":true}]}}