{"id":9458,"date":"2024-08-30T18:12:03","date_gmt":"2024-08-30T16:12:03","guid":{"rendered":"https:\/\/mfgraphicdesigner.com\/?page_id=9458"},"modified":"2025-02-26T13:46:44","modified_gmt":"2025-02-26T12:46:44","slug":"guide-illustre-jjin","status":"publish","type":"page","link":"https:\/\/mfgraphicdesigner.com\/index.php\/guide-illustre-jjin\/","title":{"rendered":"Guide illustr\u00e9 JJIN"},"content":{"rendered":"\t\t<div data-elementor-type=\"wp-page\" data-elementor-id=\"9458\" class=\"elementor elementor-9458\" data-elementor-settings=\"{&quot;ha_cmc_init_switcher&quot;:&quot;no&quot;}\">\n\t\t\t\t<div class=\"elementor-element elementor-element-11f7ecf e-flex e-con-boxed wpr-particle-no wpr-jarallax-no wpr-parallax-no wpr-sticky-section-no wpr-equal-height-no e-con e-parent\" data-id=\"11f7ecf\" data-element_type=\"container\" data-e-type=\"container\" data-settings=\"{&quot;_ha_eqh_enable&quot;:false}\">\n\t\t\t\t\t<div class=\"e-con-inner\">\n\t\t<div class=\"elementor-element elementor-element-229ba7a e-con-full e-flex wpr-particle-no wpr-jarallax-no wpr-parallax-no wpr-sticky-section-no wpr-equal-height-no e-con e-child\" data-id=\"229ba7a\" data-element_type=\"container\" data-e-type=\"container\" data-settings=\"{&quot;_ha_eqh_enable&quot;:false}\">\n\t\t\t\t<div class=\"elementor-element elementor-element-96d7921 elementor-invisible elementor-widget elementor-widget-image\" data-id=\"96d7921\" data-element_type=\"widget\" data-e-type=\"widget\" data-settings=\"{&quot;_animation&quot;:&quot;fadeInLeft&quot;,&quot;_animation_mobile&quot;:&quot;none&quot;}\" data-widget_type=\"image.default\">\n\t\t\t\t<div class=\"elementor-widget-container\">\n\t\t\t\t\t\t\t\t\t\t\t\t\t\t\t<img fetchpriority=\"high\" decoding=\"async\" width=\"950\" height=\"691\" src=\"https:\/\/mfgraphicdesigner.com\/wp-content\/uploads\/2024\/09\/jjin-guide2.jpg\" class=\"attachment-large size-large wp-image-10262\" alt=\"Vue recto-verso du guide &quot;SSAM&quot; pour le restaurant JJIN\" sizes=\"100vw\" \/>\t\t\t\t\t\t\t\t\t\t\t\t\t\t\t<\/div>\n\t\t\t\t<\/div>\n\t\t\t\t<\/div>\n\t\t<div class=\"elementor-element elementor-element-d1e6ba2 e-con-full e-flex wpr-particle-no wpr-jarallax-no wpr-parallax-no wpr-sticky-section-no wpr-equal-height-no e-con e-child\" data-id=\"d1e6ba2\" data-element_type=\"container\" data-e-type=\"container\" data-settings=\"{&quot;_ha_eqh_enable&quot;:false}\">\n\t\t\t\t<div class=\"elementor-element elementor-element-449641e elementor-invisible elementor-widget elementor-widget-heading\" data-id=\"449641e\" data-element_type=\"widget\" data-e-type=\"widget\" data-settings=\"{&quot;_animation&quot;:&quot;fadeInRight&quot;,&quot;_animation_mobile&quot;:&quot;none&quot;}\" data-widget_type=\"heading.default\">\n\t\t\t\t<div class=\"elementor-widget-container\">\n\t\t\t\t\t<h1 class=\"elementor-heading-title elementor-size-default\">Guide illustr\u00e9 JJIN<\/h1>\t\t\t\t<\/div>\n\t\t\t\t<\/div>\n\t\t\t\t<div class=\"elementor-element elementor-element-49778c9 elementor-invisible elementor-widget elementor-widget-heading\" data-id=\"49778c9\" data-element_type=\"widget\" data-e-type=\"widget\" data-settings=\"{&quot;_animation&quot;:&quot;fadeInRight&quot;,&quot;_animation_mobile&quot;:&quot;none&quot;,&quot;_animation_delay&quot;:100}\" data-widget_type=\"heading.default\">\n\t\t\t\t<div class=\"elementor-widget-container\">\n\t\t\t\t\t<h2 class=\"elementor-heading-title elementor-size-default\">Illustrations pour un voyage culinaire<\/h2>\t\t\t\t<\/div>\n\t\t\t\t<\/div>\n\t\t\t\t<div class=\"elementor-element elementor-element-0a7c3d7 elementor-invisible elementor-widget elementor-widget-text-editor\" data-id=\"0a7c3d7\" data-element_type=\"widget\" data-e-type=\"widget\" data-settings=\"{&quot;_animation&quot;:&quot;fadeInRight&quot;,&quot;_animation_mobile&quot;:&quot;none&quot;,&quot;_animation_delay&quot;:200}\" data-widget_type=\"text-editor.default\">\n\t\t\t\t<div class=\"elementor-widget-container\">\n\t\t\t\t\t\t\t\t\t<p>Un petit guide pour le restaurant JJIN, d\u00e9taillant les diff\u00e9rentes \u00e9tapes pour savourer un barbecue fa\u00e7on \u00ab\u00a0Ssam\u00a0\u00bb \u00e0 la cor\u00e9enne. \u00c0 travers des illustrations soigneusement con\u00e7ues sur tablette, ce guide simplifie et rend ludique l\u2019exp\u00e9rience de cette tradition culinaire unique, invitant les clients du restaurant \u00e0 d\u00e9couvrir une nouvelle fa\u00e7on de d\u00e9guster leur repas.<\/p>\t\t\t\t\t\t\t\t<\/div>\n\t\t\t\t<\/div>\n\t\t\t\t<div class=\"elementor-element elementor-element-dcb48e4 elementor-widget-mobile__width-initial elementor-invisible elementor-widget elementor-widget-button\" data-id=\"dcb48e4\" data-element_type=\"widget\" data-e-type=\"widget\" data-settings=\"{&quot;_animation&quot;:&quot;fadeInRight&quot;,&quot;_animation_delay&quot;:300,&quot;_animation_mobile&quot;:&quot;none&quot;}\" data-widget_type=\"button.default\">\n\t\t\t\t<div class=\"elementor-widget-container\">\n\t\t\t\t\t\t\t\t\t<div class=\"elementor-button-wrapper\">\n\t\t\t\t\t<a class=\"elementor-button elementor-button-link elementor-size-sm elementor-animation-grow\" href=\"https:\/\/mfgraphicdesigner.com\/index.php\/identite-visuelle-jjin\/\">\n\t\t\t\t\t\t<span class=\"elementor-button-content-wrapper\">\n\t\t\t\t\t\t\t\t\t<span class=\"elementor-button-text\">D\u00e9couvrir l'identit\u00e9 visuelle compl\u00e8te<\/span>\n\t\t\t\t\t<\/span>\n\t\t\t\t\t<\/a>\n\t\t\t\t<\/div>\n\t\t\t\t\t\t\t\t<\/div>\n\t\t\t\t<\/div>\n\t\t\t\t<\/div>\n\t\t\t\t\t<\/div>\n\t\t\t\t<\/div>\n\t\t<div class=\"elementor-element elementor-element-4b0ac80 e-flex e-con-boxed wpr-particle-no wpr-jarallax-no wpr-parallax-no wpr-sticky-section-no wpr-equal-height-no e-con e-parent\" data-id=\"4b0ac80\" data-element_type=\"container\" data-e-type=\"container\" data-settings=\"{&quot;_ha_eqh_enable&quot;:false}\">\n\t\t\t\t\t<div class=\"e-con-inner\">\n\t\t\t\t<div class=\"elementor-element elementor-element-9be05fd elementor-invisible elementor-widget elementor-widget-image\" data-id=\"9be05fd\" data-element_type=\"widget\" data-e-type=\"widget\" data-settings=\"{&quot;_animation&quot;:&quot;fadeInUp&quot;,&quot;_animation_mobile&quot;:&quot;none&quot;}\" data-widget_type=\"image.default\">\n\t\t\t\t<div class=\"elementor-widget-container\">\n\t\t\t\t\t\t\t\t\t\t\t\t\t\t\t<img decoding=\"async\" width=\"950\" height=\"691\" src=\"https:\/\/mfgraphicdesigner.com\/wp-content\/uploads\/2024\/09\/jjin-guide1.jpg\" class=\"attachment-large size-large wp-image-10418\" alt=\"Guide illustr\u00e9 pour le restaurant JJIN pr\u00e9sentant les \u00e9tapes pour d\u00e9guster un barbecue cor\u00e9en\" srcset=\"https:\/\/mfgraphicdesigner.com\/wp-content\/uploads\/2024\/09\/jjin-guide1.jpg 2292w, https:\/\/mfgraphicdesigner.com\/wp-content\/uploads\/2024\/09\/jjin-guide1-1500x1091.jpg 1500w, https:\/\/mfgraphicdesigner.com\/wp-content\/uploads\/2024\/09\/jjin-guide1-1536x1117.jpg 1536w, https:\/\/mfgraphicdesigner.com\/wp-content\/uploads\/2024\/09\/jjin-guide1-2048x1490.jpg 2048w, https:\/\/mfgraphicdesigner.com\/wp-content\/uploads\/2024\/09\/jjin-guide1-2000x1455.jpg 2000w\" sizes=\"100vw\" \/>\t\t\t\t\t\t\t\t\t\t\t\t\t\t\t<\/div>\n\t\t\t\t<\/div>\n\t\t\t\t\t<\/div>\n\t\t\t\t<\/div>\n\t\t\t\t<\/div>\n\t\t","protected":false},"excerpt":{"rendered":"<p>Guide illustr\u00e9 JJIN Illustrations pour un voyage culinaire Un petit guide pour le restaurant JJIN, d\u00e9taillant les diff\u00e9rentes \u00e9tapes pour savourer un barbecue fa\u00e7on \u00ab\u00a0Ssam\u00a0\u00bb \u00e0 la cor\u00e9enne. \u00c0 travers des illustrations soigneusement con\u00e7ues sur tablette, ce guide simplifie et rend ludique l\u2019exp\u00e9rience de cette tradition culinaire unique, invitant les clients du restaurant \u00e0 d\u00e9couvrir une nouvelle fa\u00e7on de d\u00e9guster leur repas. D\u00e9couvrir l&rsquo;identit\u00e9 visuelle compl\u00e8te<\/p>\n","protected":false},"author":1,"featured_media":0,"parent":0,"menu_order":0,"comment_status":"closed","ping_status":"closed","template":"","meta":{"inspiro_hide_title":false,"footnotes":""},"class_list":["post-9458","page","type-page","status-publish","hentry"],"yoast_head":"<!-- This site is optimized with the Yoast SEO plugin v27.5 - https:\/\/yoast.com\/product\/yoast-seo-wordpress\/ -->\n<title>Guide illustr\u00e9 JJIN - mfgraphicdesigner<\/title>\n<meta name=\"description\" content=\"Un petit guide illustr\u00e9 pour le restaurant JJIN, pr\u00e9sentant les diff\u00e9rentes \u00e9tapes pour d\u00e9guster un barbecue \u00e0 la cor\u00e9enne.\" \/>\n<meta name=\"robots\" content=\"index, follow, max-snippet:-1, max-image-preview:large, max-video-preview:-1\" \/>\n<link rel=\"canonical\" href=\"https:\/\/mfgraphicdesigner.com\/index.php\/guide-illustre-jjin\/\" \/>\n<meta property=\"og:locale\" content=\"fr_FR\" \/>\n<meta property=\"og:type\" content=\"article\" \/>\n<meta property=\"og:title\" content=\"Guide illustr\u00e9 JJIN - mfgraphicdesigner\" \/>\n<meta property=\"og:description\" content=\"Un petit guide illustr\u00e9 pour le restaurant JJIN, pr\u00e9sentant les diff\u00e9rentes \u00e9tapes pour d\u00e9guster un barbecue \u00e0 la cor\u00e9enne.\" \/>\n<meta property=\"og:url\" content=\"https:\/\/mfgraphicdesigner.com\/index.php\/guide-illustre-jjin\/\" \/>\n<meta property=\"og:site_name\" content=\"mfgraphicdesigner\" \/>\n<meta property=\"article:modified_time\" content=\"2025-02-26T12:46:44+00:00\" \/>\n<meta property=\"og:image\" content=\"http:\/\/mfgraphicdesigner.com\/wp-content\/uploads\/2024\/09\/jjin-guide2.jpg\" \/>\n<meta name=\"twitter:card\" content=\"summary_large_image\" \/>\n<meta name=\"twitter:label1\" content=\"Dur\u00e9e de lecture estim\u00e9e\" \/>\n\t<meta name=\"twitter:data1\" content=\"1 minute\" \/>\n<script type=\"application\/ld+json\" class=\"yoast-schema-graph\">{\"@context\":\"https:\\\/\\\/schema.org\",\"@graph\":[{\"@type\":\"WebPage\",\"@id\":\"https:\\\/\\\/mfgraphicdesigner.com\\\/index.php\\\/guide-illustre-jjin\\\/\",\"url\":\"https:\\\/\\\/mfgraphicdesigner.com\\\/index.php\\\/guide-illustre-jjin\\\/\",\"name\":\"Guide illustr\u00e9 JJIN - mfgraphicdesigner\",\"isPartOf\":{\"@id\":\"https:\\\/\\\/mfgraphicdesigner.com\\\/#website\"},\"primaryImageOfPage\":{\"@id\":\"https:\\\/\\\/mfgraphicdesigner.com\\\/index.php\\\/guide-illustre-jjin\\\/#primaryimage\"},\"image\":{\"@id\":\"https:\\\/\\\/mfgraphicdesigner.com\\\/index.php\\\/guide-illustre-jjin\\\/#primaryimage\"},\"thumbnailUrl\":\"http:\\\/\\\/mfgraphicdesigner.com\\\/wp-content\\\/uploads\\\/2024\\\/09\\\/jjin-guide2.jpg\",\"datePublished\":\"2024-08-30T16:12:03+00:00\",\"dateModified\":\"2025-02-26T12:46:44+00:00\",\"description\":\"Un petit guide illustr\u00e9 pour le restaurant JJIN, pr\u00e9sentant les diff\u00e9rentes \u00e9tapes pour d\u00e9guster un barbecue \u00e0 la cor\u00e9enne.\",\"breadcrumb\":{\"@id\":\"https:\\\/\\\/mfgraphicdesigner.com\\\/index.php\\\/guide-illustre-jjin\\\/#breadcrumb\"},\"inLanguage\":\"fr-FR\",\"potentialAction\":[{\"@type\":\"ReadAction\",\"target\":[\"https:\\\/\\\/mfgraphicdesigner.com\\\/index.php\\\/guide-illustre-jjin\\\/\"]}]},{\"@type\":\"ImageObject\",\"inLanguage\":\"fr-FR\",\"@id\":\"https:\\\/\\\/mfgraphicdesigner.com\\\/index.php\\\/guide-illustre-jjin\\\/#primaryimage\",\"url\":\"https:\\\/\\\/mfgraphicdesigner.com\\\/wp-content\\\/uploads\\\/2024\\\/09\\\/jjin-guide2.jpg\",\"contentUrl\":\"https:\\\/\\\/mfgraphicdesigner.com\\\/wp-content\\\/uploads\\\/2024\\\/09\\\/jjin-guide2.jpg\",\"width\":1467,\"height\":1067,\"caption\":\"Vue recto-verso du guide \\\"SSAM\\\" pour le restaurant JJIN\"},{\"@type\":\"BreadcrumbList\",\"@id\":\"https:\\\/\\\/mfgraphicdesigner.com\\\/index.php\\\/guide-illustre-jjin\\\/#breadcrumb\",\"itemListElement\":[{\"@type\":\"ListItem\",\"position\":1,\"name\":\"Accueil\",\"item\":\"https:\\\/\\\/mfgraphicdesigner.com\\\/\"},{\"@type\":\"ListItem\",\"position\":2,\"name\":\"Guide illustr\u00e9 JJIN\"}]},{\"@type\":\"WebSite\",\"@id\":\"https:\\\/\\\/mfgraphicdesigner.com\\\/#website\",\"url\":\"https:\\\/\\\/mfgraphicdesigner.com\\\/\",\"name\":\"mfgraphicdesigner.com\",\"description\":\"\",\"publisher\":{\"@id\":\"https:\\\/\\\/mfgraphicdesigner.com\\\/#organization\"},\"potentialAction\":[{\"@type\":\"SearchAction\",\"target\":{\"@type\":\"EntryPoint\",\"urlTemplate\":\"https:\\\/\\\/mfgraphicdesigner.com\\\/?s={search_term_string}\"},\"query-input\":{\"@type\":\"PropertyValueSpecification\",\"valueRequired\":true,\"valueName\":\"search_term_string\"}}],\"inLanguage\":\"fr-FR\"},{\"@type\":\"Organization\",\"@id\":\"https:\\\/\\\/mfgraphicdesigner.com\\\/#organization\",\"name\":\"mfgraphicdesigner.com\",\"url\":\"https:\\\/\\\/mfgraphicdesigner.com\\\/\",\"logo\":{\"@type\":\"ImageObject\",\"inLanguage\":\"fr-FR\",\"@id\":\"https:\\\/\\\/mfgraphicdesigner.com\\\/#\\\/schema\\\/logo\\\/image\\\/\",\"url\":\"https:\\\/\\\/mfgraphicdesigner.com\\\/wp-content\\\/uploads\\\/2024\\\/01\\\/logo-final.png\",\"contentUrl\":\"https:\\\/\\\/mfgraphicdesigner.com\\\/wp-content\\\/uploads\\\/2024\\\/01\\\/logo-final.png\",\"width\":3798,\"height\":3646,\"caption\":\"mfgraphicdesigner.com\"},\"image\":{\"@id\":\"https:\\\/\\\/mfgraphicdesigner.com\\\/#\\\/schema\\\/logo\\\/image\\\/\"}}]}<\/script>\n<!-- \/ Yoast SEO plugin. -->","yoast_head_json":{"title":"Guide illustr\u00e9 JJIN - mfgraphicdesigner","description":"Un petit guide illustr\u00e9 pour le restaurant JJIN, pr\u00e9sentant les diff\u00e9rentes \u00e9tapes pour d\u00e9guster un barbecue \u00e0 la cor\u00e9enne.","robots":{"index":"index","follow":"follow","max-snippet":"max-snippet:-1","max-image-preview":"max-image-preview:large","max-video-preview":"max-video-preview:-1"},"canonical":"https:\/\/mfgraphicdesigner.com\/index.php\/guide-illustre-jjin\/","og_locale":"fr_FR","og_type":"article","og_title":"Guide illustr\u00e9 JJIN - mfgraphicdesigner","og_description":"Un petit guide illustr\u00e9 pour le restaurant JJIN, pr\u00e9sentant les diff\u00e9rentes \u00e9tapes pour d\u00e9guster un barbecue \u00e0 la cor\u00e9enne.","og_url":"https:\/\/mfgraphicdesigner.com\/index.php\/guide-illustre-jjin\/","og_site_name":"mfgraphicdesigner","article_modified_time":"2025-02-26T12:46:44+00:00","og_image":[{"url":"http:\/\/mfgraphicdesigner.com\/wp-content\/uploads\/2024\/09\/jjin-guide2.jpg","type":"","width":"","height":""}],"twitter_card":"summary_large_image","twitter_misc":{"Dur\u00e9e de lecture estim\u00e9e":"1 minute"},"schema":{"@context":"https:\/\/schema.org","@graph":[{"@type":"WebPage","@id":"https:\/\/mfgraphicdesigner.com\/index.php\/guide-illustre-jjin\/","url":"https:\/\/mfgraphicdesigner.com\/index.php\/guide-illustre-jjin\/","name":"Guide illustr\u00e9 JJIN - mfgraphicdesigner","isPartOf":{"@id":"https:\/\/mfgraphicdesigner.com\/#website"},"primaryImageOfPage":{"@id":"https:\/\/mfgraphicdesigner.com\/index.php\/guide-illustre-jjin\/#primaryimage"},"image":{"@id":"https:\/\/mfgraphicdesigner.com\/index.php\/guide-illustre-jjin\/#primaryimage"},"thumbnailUrl":"http:\/\/mfgraphicdesigner.com\/wp-content\/uploads\/2024\/09\/jjin-guide2.jpg","datePublished":"2024-08-30T16:12:03+00:00","dateModified":"2025-02-26T12:46:44+00:00","description":"Un petit guide illustr\u00e9 pour le restaurant JJIN, pr\u00e9sentant les diff\u00e9rentes \u00e9tapes pour d\u00e9guster un barbecue \u00e0 la cor\u00e9enne.","breadcrumb":{"@id":"https:\/\/mfgraphicdesigner.com\/index.php\/guide-illustre-jjin\/#breadcrumb"},"inLanguage":"fr-FR","potentialAction":[{"@type":"ReadAction","target":["https:\/\/mfgraphicdesigner.com\/index.php\/guide-illustre-jjin\/"]}]},{"@type":"ImageObject","inLanguage":"fr-FR","@id":"https:\/\/mfgraphicdesigner.com\/index.php\/guide-illustre-jjin\/#primaryimage","url":"https:\/\/mfgraphicdesigner.com\/wp-content\/uploads\/2024\/09\/jjin-guide2.jpg","contentUrl":"https:\/\/mfgraphicdesigner.com\/wp-content\/uploads\/2024\/09\/jjin-guide2.jpg","width":1467,"height":1067,"caption":"Vue recto-verso du guide \"SSAM\" pour le restaurant JJIN"},{"@type":"BreadcrumbList","@id":"https:\/\/mfgraphicdesigner.com\/index.php\/guide-illustre-jjin\/#breadcrumb","itemListElement":[{"@type":"ListItem","position":1,"name":"Accueil","item":"https:\/\/mfgraphicdesigner.com\/"},{"@type":"ListItem","position":2,"name":"Guide illustr\u00e9 JJIN"}]},{"@type":"WebSite","@id":"https:\/\/mfgraphicdesigner.com\/#website","url":"https:\/\/mfgraphicdesigner.com\/","name":"mfgraphicdesigner.com","description":"","publisher":{"@id":"https:\/\/mfgraphicdesigner.com\/#organization"},"potentialAction":[{"@type":"SearchAction","target":{"@type":"EntryPoint","urlTemplate":"https:\/\/mfgraphicdesigner.com\/?s={search_term_string}"},"query-input":{"@type":"PropertyValueSpecification","valueRequired":true,"valueName":"search_term_string"}}],"inLanguage":"fr-FR"},{"@type":"Organization","@id":"https:\/\/mfgraphicdesigner.com\/#organization","name":"mfgraphicdesigner.com","url":"https:\/\/mfgraphicdesigner.com\/","logo":{"@type":"ImageObject","inLanguage":"fr-FR","@id":"https:\/\/mfgraphicdesigner.com\/#\/schema\/logo\/image\/","url":"https:\/\/mfgraphicdesigner.com\/wp-content\/uploads\/2024\/01\/logo-final.png","contentUrl":"https:\/\/mfgraphicdesigner.com\/wp-content\/uploads\/2024\/01\/logo-final.png","width":3798,"height":3646,"caption":"mfgraphicdesigner.com"},"image":{"@id":"https:\/\/mfgraphicdesigner.com\/#\/schema\/logo\/image\/"}}]}},"_links":{"self":[{"href":"https:\/\/mfgraphicdesigner.com\/index.php\/wp-json\/wp\/v2\/pages\/9458","targetHints":{"allow":["GET"]}}],"collection":[{"href":"https:\/\/mfgraphicdesigner.com\/index.php\/wp-json\/wp\/v2\/pages"}],"about":[{"href":"https:\/\/mfgraphicdesigner.com\/index.php\/wp-json\/wp\/v2\/types\/page"}],"author":[{"embeddable":true,"href":"https:\/\/mfgraphicdesigner.com\/index.php\/wp-json\/wp\/v2\/users\/1"}],"replies":[{"embeddable":true,"href":"https:\/\/mfgraphicdesigner.com\/index.php\/wp-json\/wp\/v2\/comments?post=9458"}],"version-history":[{"count":94,"href":"https:\/\/mfgraphicdesigner.com\/index.php\/wp-json\/wp\/v2\/pages\/9458\/revisions"}],"predecessor-version":[{"id":17743,"href":"https:\/\/mfgraphicdesigner.com\/index.php\/wp-json\/wp\/v2\/pages\/9458\/revisions\/17743"}],"wp:attachment":[{"href":"https:\/\/mfgraphicdesigner.com\/index.php\/wp-json\/wp\/v2\/media?parent=9458"}],"curies":[{"name":"wp","href":"https:\/\/api.w.org\/{rel}","templated":true}]}}