{"id":9453,"date":"2024-08-30T18:10:54","date_gmt":"2024-08-30T16:10:54","guid":{"rendered":"https:\/\/mfgraphicdesigner.com\/?page_id=9453"},"modified":"2024-11-12T13:31:17","modified_gmt":"2024-11-12T12:31:17","slug":"affiche-spectacle","status":"publish","type":"page","link":"https:\/\/mfgraphicdesigner.com\/index.php\/affiche-spectacle\/","title":{"rendered":"Affiche spectacle"},"content":{"rendered":"\t\t<div data-elementor-type=\"wp-page\" data-elementor-id=\"9453\" class=\"elementor elementor-9453\" data-elementor-settings=\"{&quot;ha_cmc_init_switcher&quot;:&quot;no&quot;}\">\n\t\t\t\t<div class=\"elementor-element elementor-element-38d24f4 e-flex e-con-boxed wpr-particle-no wpr-jarallax-no wpr-parallax-no wpr-sticky-section-no wpr-equal-height-no e-con e-parent\" data-id=\"38d24f4\" data-element_type=\"container\" data-e-type=\"container\" data-settings=\"{&quot;_ha_eqh_enable&quot;:false}\">\n\t\t\t\t\t<div class=\"e-con-inner\">\n\t\t<div class=\"elementor-element elementor-element-f573701 e-con-full e-flex wpr-particle-no wpr-jarallax-no wpr-parallax-no wpr-sticky-section-no wpr-equal-height-no e-con e-child\" data-id=\"f573701\" data-element_type=\"container\" data-e-type=\"container\" data-settings=\"{&quot;_ha_eqh_enable&quot;:false}\">\n\t\t\t\t<div class=\"elementor-element elementor-element-d5e0f85 elementor-invisible elementor-widget elementor-widget-image\" data-id=\"d5e0f85\" data-element_type=\"widget\" data-e-type=\"widget\" data-settings=\"{&quot;_animation&quot;:&quot;fadeInLeft&quot;,&quot;_animation_mobile&quot;:&quot;none&quot;}\" data-widget_type=\"image.default\">\n\t\t\t\t<div class=\"elementor-widget-container\">\n\t\t\t\t\t\t\t\t\t\t\t\t\t\t\t<img fetchpriority=\"high\" decoding=\"async\" width=\"922\" height=\"1024\" src=\"https:\/\/mfgraphicdesigner.com\/wp-content\/uploads\/2024\/08\/goodmorning-galerie-922x1024.jpg\" class=\"attachment-large size-large wp-image-3721\" alt=\"Affiche spectacle priv\u00e9 &quot;Good Morning Broadway&quot;\" srcset=\"https:\/\/mfgraphicdesigner.com\/wp-content\/uploads\/2024\/08\/goodmorning-galerie-922x1024.jpg 922w, https:\/\/mfgraphicdesigner.com\/wp-content\/uploads\/2024\/08\/goodmorning-galerie-270x300.jpg 270w, https:\/\/mfgraphicdesigner.com\/wp-content\/uploads\/2024\/08\/goodmorning-galerie-1383x1536.jpg 1383w, https:\/\/mfgraphicdesigner.com\/wp-content\/uploads\/2024\/08\/goodmorning-galerie-1843x2048.jpg 1843w, https:\/\/mfgraphicdesigner.com\/wp-content\/uploads\/2024\/08\/goodmorning-galerie-600x667.jpg 600w, https:\/\/mfgraphicdesigner.com\/wp-content\/uploads\/2024\/08\/goodmorning-galerie.jpg 1875w\" sizes=\"100vw\" \/>\t\t\t\t\t\t\t\t\t\t\t\t\t\t\t<\/div>\n\t\t\t\t<\/div>\n\t\t\t\t<\/div>\n\t\t<div class=\"elementor-element elementor-element-5dd0f6a e-con-full e-flex wpr-particle-no wpr-jarallax-no wpr-parallax-no wpr-sticky-section-no wpr-equal-height-no e-con e-child\" data-id=\"5dd0f6a\" data-element_type=\"container\" data-e-type=\"container\" data-settings=\"{&quot;_ha_eqh_enable&quot;:false}\">\n\t\t\t\t<div class=\"elementor-element elementor-element-5ab846f elementor-invisible elementor-widget elementor-widget-heading\" data-id=\"5ab846f\" data-element_type=\"widget\" data-e-type=\"widget\" data-settings=\"{&quot;_animation&quot;:&quot;fadeInRight&quot;,&quot;_animation_mobile&quot;:&quot;none&quot;}\" data-widget_type=\"heading.default\">\n\t\t\t\t<div class=\"elementor-widget-container\">\n\t\t\t\t\t<h1 class=\"elementor-heading-title elementor-size-default\">Affiche spectacle<\/h1>\t\t\t\t<\/div>\n\t\t\t\t<\/div>\n\t\t\t\t<div class=\"elementor-element elementor-element-eec1425 elementor-invisible elementor-widget elementor-widget-heading\" data-id=\"eec1425\" data-element_type=\"widget\" data-e-type=\"widget\" data-settings=\"{&quot;_animation&quot;:&quot;fadeInRight&quot;,&quot;_animation_mobile&quot;:&quot;none&quot;,&quot;_animation_delay&quot;:100}\" data-widget_type=\"heading.default\">\n\t\t\t\t<div class=\"elementor-widget-container\">\n\t\t\t\t\t<h2 class=\"elementor-heading-title elementor-size-default\">Capturer la connexion d'un duo<\/h2>\t\t\t\t<\/div>\n\t\t\t\t<\/div>\n\t\t\t\t<div class=\"elementor-element elementor-element-d17fa12 elementor-invisible elementor-widget elementor-widget-text-editor\" data-id=\"d17fa12\" data-element_type=\"widget\" data-e-type=\"widget\" data-settings=\"{&quot;_animation&quot;:&quot;fadeInRight&quot;,&quot;_animation_mobile&quot;:&quot;none&quot;,&quot;_animation_delay&quot;:200}\" data-widget_type=\"text-editor.default\">\n\t\t\t\t<div class=\"elementor-widget-container\">\n\t\t\t\t\t\t\t\t\t<div class=\"page\" title=\"Page 21\"><div class=\"layoutArea\"><div class=\"column\"><p>Cre\u0301ation d\u2019une affiche pour un spectacle prive\u0301 de come\u0301die musicale a\u0300 Paris. \u00ab\u00a0Good Morning Broadway\u00a0\u00bb met en sce\u0300ne un jeu de ro\u0302les entre une chanteuse qui se prend litte\u0301ralement pour une Diva et son pianiste qui ne cesse de se moquer d\u2019elle !<\/p><p>L\u2019affiche re\u0301alise\u0301e traduit cette relation avec d\u2019un co\u0302te\u0301 la silhouette de la chanteuse qui semble pre\u0301tentieuse et fie\u0300re, et de l\u2019autre le pianiste qui la pointe du doigt comme signe de moquerie et sarcasme.<\/p><p>L\u2019illustration e\u0301corche\u0301e du piano de\u0301finit aussi des silhouettes d\u2019immeubles pour e\u0301voquer les buildings de New-York, le tout sur un de\u0301grade\u0301 de couleurs repre\u0301sentant l\u2019aube naissante.<\/p><\/div><\/div><\/div>\t\t\t\t\t\t\t\t<\/div>\n\t\t\t\t<\/div>\n\t\t\t\t<\/div>\n\t\t\t\t\t<\/div>\n\t\t\t\t<\/div>\n\t\t\t\t<\/div>\n\t\t","protected":false},"excerpt":{"rendered":"<p>Affiche spectacle Capturer la connexion d&rsquo;un duo Cre\u0301ation d\u2019une affiche pour un spectacle prive\u0301 de come\u0301die musicale a\u0300 Paris. \u00ab\u00a0Good Morning Broadway\u00a0\u00bb met en sce\u0300ne un jeu de ro\u0302les entre une chanteuse qui se prend litte\u0301ralement pour une Diva et son pianiste qui ne cesse de se moquer d\u2019elle ! L\u2019affiche re\u0301alise\u0301e traduit cette relation avec d\u2019un co\u0302te\u0301 la silhouette de la chanteuse qui semble pre\u0301tentieuse et fie\u0300re, et de l\u2019autre le pianiste qui la pointe du doigt comme signe de moquerie et sarcasme. L\u2019illustration e\u0301corche\u0301e du piano de\u0301finit aussi des silhouettes d\u2019immeubles pour e\u0301voquer les buildings de New-York, le tout sur un de\u0301grade\u0301 de couleurs repre\u0301sentant l\u2019aube naissante.<\/p>\n","protected":false},"author":1,"featured_media":0,"parent":0,"menu_order":0,"comment_status":"closed","ping_status":"closed","template":"","meta":{"inspiro_hide_title":false,"footnotes":""},"class_list":["post-9453","page","type-page","status-publish","hentry"],"yoast_head":"<!-- This site is optimized with the Yoast SEO plugin v27.5 - https:\/\/yoast.com\/product\/yoast-seo-wordpress\/ -->\n<title>Affiche spectacle - mfgraphicdesigner<\/title>\n<meta name=\"description\" content=\"Affiche cr\u00e9\u00e9e pour le spectacle de com\u00e9die musicale priv\u00e9 \u00e0 Paris &quot;Good Morning Broadway&quot; qui traduit le jeu de r\u00f4les mis en sc\u00e8ne.\" \/>\n<meta name=\"robots\" content=\"index, follow, max-snippet:-1, max-image-preview:large, max-video-preview:-1\" \/>\n<link rel=\"canonical\" href=\"https:\/\/mfgraphicdesigner.com\/index.php\/affiche-spectacle\/\" \/>\n<meta property=\"og:locale\" content=\"fr_FR\" \/>\n<meta property=\"og:type\" content=\"article\" \/>\n<meta property=\"og:title\" content=\"Affiche spectacle - mfgraphicdesigner\" \/>\n<meta property=\"og:description\" content=\"Affiche cr\u00e9\u00e9e pour le spectacle de com\u00e9die musicale priv\u00e9 \u00e0 Paris &quot;Good Morning Broadway&quot; qui traduit le jeu de r\u00f4les mis en sc\u00e8ne.\" \/>\n<meta property=\"og:url\" content=\"https:\/\/mfgraphicdesigner.com\/index.php\/affiche-spectacle\/\" \/>\n<meta property=\"og:site_name\" content=\"mfgraphicdesigner\" \/>\n<meta property=\"article:modified_time\" content=\"2024-11-12T12:31:17+00:00\" \/>\n<meta property=\"og:image\" content=\"http:\/\/mfgraphicdesigner.com\/wp-content\/uploads\/2024\/08\/goodmorning-galerie-922x1024.jpg\" \/>\n<meta name=\"twitter:card\" content=\"summary_large_image\" \/>\n<meta name=\"twitter:label1\" content=\"Dur\u00e9e de lecture estim\u00e9e\" \/>\n\t<meta name=\"twitter:data1\" content=\"1 minute\" \/>\n<script type=\"application\/ld+json\" class=\"yoast-schema-graph\">{\"@context\":\"https:\\\/\\\/schema.org\",\"@graph\":[{\"@type\":\"WebPage\",\"@id\":\"https:\\\/\\\/mfgraphicdesigner.com\\\/index.php\\\/affiche-spectacle\\\/\",\"url\":\"https:\\\/\\\/mfgraphicdesigner.com\\\/index.php\\\/affiche-spectacle\\\/\",\"name\":\"Affiche spectacle - mfgraphicdesigner\",\"isPartOf\":{\"@id\":\"https:\\\/\\\/mfgraphicdesigner.com\\\/#website\"},\"primaryImageOfPage\":{\"@id\":\"https:\\\/\\\/mfgraphicdesigner.com\\\/index.php\\\/affiche-spectacle\\\/#primaryimage\"},\"image\":{\"@id\":\"https:\\\/\\\/mfgraphicdesigner.com\\\/index.php\\\/affiche-spectacle\\\/#primaryimage\"},\"thumbnailUrl\":\"http:\\\/\\\/mfgraphicdesigner.com\\\/wp-content\\\/uploads\\\/2024\\\/08\\\/goodmorning-galerie-922x1024.jpg\",\"datePublished\":\"2024-08-30T16:10:54+00:00\",\"dateModified\":\"2024-11-12T12:31:17+00:00\",\"description\":\"Affiche cr\u00e9\u00e9e pour le spectacle de com\u00e9die musicale priv\u00e9 \u00e0 Paris \\\"Good Morning Broadway\\\" qui traduit le jeu de r\u00f4les mis en sc\u00e8ne.\",\"breadcrumb\":{\"@id\":\"https:\\\/\\\/mfgraphicdesigner.com\\\/index.php\\\/affiche-spectacle\\\/#breadcrumb\"},\"inLanguage\":\"fr-FR\",\"potentialAction\":[{\"@type\":\"ReadAction\",\"target\":[\"https:\\\/\\\/mfgraphicdesigner.com\\\/index.php\\\/affiche-spectacle\\\/\"]}]},{\"@type\":\"ImageObject\",\"inLanguage\":\"fr-FR\",\"@id\":\"https:\\\/\\\/mfgraphicdesigner.com\\\/index.php\\\/affiche-spectacle\\\/#primaryimage\",\"url\":\"http:\\\/\\\/mfgraphicdesigner.com\\\/wp-content\\\/uploads\\\/2024\\\/08\\\/goodmorning-galerie-922x1024.jpg\",\"contentUrl\":\"http:\\\/\\\/mfgraphicdesigner.com\\\/wp-content\\\/uploads\\\/2024\\\/08\\\/goodmorning-galerie-922x1024.jpg\"},{\"@type\":\"BreadcrumbList\",\"@id\":\"https:\\\/\\\/mfgraphicdesigner.com\\\/index.php\\\/affiche-spectacle\\\/#breadcrumb\",\"itemListElement\":[{\"@type\":\"ListItem\",\"position\":1,\"name\":\"Accueil\",\"item\":\"https:\\\/\\\/mfgraphicdesigner.com\\\/\"},{\"@type\":\"ListItem\",\"position\":2,\"name\":\"Affiche spectacle\"}]},{\"@type\":\"WebSite\",\"@id\":\"https:\\\/\\\/mfgraphicdesigner.com\\\/#website\",\"url\":\"https:\\\/\\\/mfgraphicdesigner.com\\\/\",\"name\":\"mfgraphicdesigner.com\",\"description\":\"\",\"publisher\":{\"@id\":\"https:\\\/\\\/mfgraphicdesigner.com\\\/#organization\"},\"potentialAction\":[{\"@type\":\"SearchAction\",\"target\":{\"@type\":\"EntryPoint\",\"urlTemplate\":\"https:\\\/\\\/mfgraphicdesigner.com\\\/?s={search_term_string}\"},\"query-input\":{\"@type\":\"PropertyValueSpecification\",\"valueRequired\":true,\"valueName\":\"search_term_string\"}}],\"inLanguage\":\"fr-FR\"},{\"@type\":\"Organization\",\"@id\":\"https:\\\/\\\/mfgraphicdesigner.com\\\/#organization\",\"name\":\"mfgraphicdesigner.com\",\"url\":\"https:\\\/\\\/mfgraphicdesigner.com\\\/\",\"logo\":{\"@type\":\"ImageObject\",\"inLanguage\":\"fr-FR\",\"@id\":\"https:\\\/\\\/mfgraphicdesigner.com\\\/#\\\/schema\\\/logo\\\/image\\\/\",\"url\":\"https:\\\/\\\/mfgraphicdesigner.com\\\/wp-content\\\/uploads\\\/2024\\\/01\\\/logo-final.png\",\"contentUrl\":\"https:\\\/\\\/mfgraphicdesigner.com\\\/wp-content\\\/uploads\\\/2024\\\/01\\\/logo-final.png\",\"width\":3798,\"height\":3646,\"caption\":\"mfgraphicdesigner.com\"},\"image\":{\"@id\":\"https:\\\/\\\/mfgraphicdesigner.com\\\/#\\\/schema\\\/logo\\\/image\\\/\"}}]}<\/script>\n<!-- \/ Yoast SEO plugin. -->","yoast_head_json":{"title":"Affiche spectacle - mfgraphicdesigner","description":"Affiche cr\u00e9\u00e9e pour le spectacle de com\u00e9die musicale priv\u00e9 \u00e0 Paris \"Good Morning Broadway\" qui traduit le jeu de r\u00f4les mis en sc\u00e8ne.","robots":{"index":"index","follow":"follow","max-snippet":"max-snippet:-1","max-image-preview":"max-image-preview:large","max-video-preview":"max-video-preview:-1"},"canonical":"https:\/\/mfgraphicdesigner.com\/index.php\/affiche-spectacle\/","og_locale":"fr_FR","og_type":"article","og_title":"Affiche spectacle - mfgraphicdesigner","og_description":"Affiche cr\u00e9\u00e9e pour le spectacle de com\u00e9die musicale priv\u00e9 \u00e0 Paris \"Good Morning Broadway\" qui traduit le jeu de r\u00f4les mis en sc\u00e8ne.","og_url":"https:\/\/mfgraphicdesigner.com\/index.php\/affiche-spectacle\/","og_site_name":"mfgraphicdesigner","article_modified_time":"2024-11-12T12:31:17+00:00","og_image":[{"url":"http:\/\/mfgraphicdesigner.com\/wp-content\/uploads\/2024\/08\/goodmorning-galerie-922x1024.jpg","type":"","width":"","height":""}],"twitter_card":"summary_large_image","twitter_misc":{"Dur\u00e9e de lecture estim\u00e9e":"1 minute"},"schema":{"@context":"https:\/\/schema.org","@graph":[{"@type":"WebPage","@id":"https:\/\/mfgraphicdesigner.com\/index.php\/affiche-spectacle\/","url":"https:\/\/mfgraphicdesigner.com\/index.php\/affiche-spectacle\/","name":"Affiche spectacle - mfgraphicdesigner","isPartOf":{"@id":"https:\/\/mfgraphicdesigner.com\/#website"},"primaryImageOfPage":{"@id":"https:\/\/mfgraphicdesigner.com\/index.php\/affiche-spectacle\/#primaryimage"},"image":{"@id":"https:\/\/mfgraphicdesigner.com\/index.php\/affiche-spectacle\/#primaryimage"},"thumbnailUrl":"http:\/\/mfgraphicdesigner.com\/wp-content\/uploads\/2024\/08\/goodmorning-galerie-922x1024.jpg","datePublished":"2024-08-30T16:10:54+00:00","dateModified":"2024-11-12T12:31:17+00:00","description":"Affiche cr\u00e9\u00e9e pour le spectacle de com\u00e9die musicale priv\u00e9 \u00e0 Paris \"Good Morning Broadway\" qui traduit le jeu de r\u00f4les mis en sc\u00e8ne.","breadcrumb":{"@id":"https:\/\/mfgraphicdesigner.com\/index.php\/affiche-spectacle\/#breadcrumb"},"inLanguage":"fr-FR","potentialAction":[{"@type":"ReadAction","target":["https:\/\/mfgraphicdesigner.com\/index.php\/affiche-spectacle\/"]}]},{"@type":"ImageObject","inLanguage":"fr-FR","@id":"https:\/\/mfgraphicdesigner.com\/index.php\/affiche-spectacle\/#primaryimage","url":"http:\/\/mfgraphicdesigner.com\/wp-content\/uploads\/2024\/08\/goodmorning-galerie-922x1024.jpg","contentUrl":"http:\/\/mfgraphicdesigner.com\/wp-content\/uploads\/2024\/08\/goodmorning-galerie-922x1024.jpg"},{"@type":"BreadcrumbList","@id":"https:\/\/mfgraphicdesigner.com\/index.php\/affiche-spectacle\/#breadcrumb","itemListElement":[{"@type":"ListItem","position":1,"name":"Accueil","item":"https:\/\/mfgraphicdesigner.com\/"},{"@type":"ListItem","position":2,"name":"Affiche spectacle"}]},{"@type":"WebSite","@id":"https:\/\/mfgraphicdesigner.com\/#website","url":"https:\/\/mfgraphicdesigner.com\/","name":"mfgraphicdesigner.com","description":"","publisher":{"@id":"https:\/\/mfgraphicdesigner.com\/#organization"},"potentialAction":[{"@type":"SearchAction","target":{"@type":"EntryPoint","urlTemplate":"https:\/\/mfgraphicdesigner.com\/?s={search_term_string}"},"query-input":{"@type":"PropertyValueSpecification","valueRequired":true,"valueName":"search_term_string"}}],"inLanguage":"fr-FR"},{"@type":"Organization","@id":"https:\/\/mfgraphicdesigner.com\/#organization","name":"mfgraphicdesigner.com","url":"https:\/\/mfgraphicdesigner.com\/","logo":{"@type":"ImageObject","inLanguage":"fr-FR","@id":"https:\/\/mfgraphicdesigner.com\/#\/schema\/logo\/image\/","url":"https:\/\/mfgraphicdesigner.com\/wp-content\/uploads\/2024\/01\/logo-final.png","contentUrl":"https:\/\/mfgraphicdesigner.com\/wp-content\/uploads\/2024\/01\/logo-final.png","width":3798,"height":3646,"caption":"mfgraphicdesigner.com"},"image":{"@id":"https:\/\/mfgraphicdesigner.com\/#\/schema\/logo\/image\/"}}]}},"_links":{"self":[{"href":"https:\/\/mfgraphicdesigner.com\/index.php\/wp-json\/wp\/v2\/pages\/9453","targetHints":{"allow":["GET"]}}],"collection":[{"href":"https:\/\/mfgraphicdesigner.com\/index.php\/wp-json\/wp\/v2\/pages"}],"about":[{"href":"https:\/\/mfgraphicdesigner.com\/index.php\/wp-json\/wp\/v2\/types\/page"}],"author":[{"embeddable":true,"href":"https:\/\/mfgraphicdesigner.com\/index.php\/wp-json\/wp\/v2\/users\/1"}],"replies":[{"embeddable":true,"href":"https:\/\/mfgraphicdesigner.com\/index.php\/wp-json\/wp\/v2\/comments?post=9453"}],"version-history":[{"count":137,"href":"https:\/\/mfgraphicdesigner.com\/index.php\/wp-json\/wp\/v2\/pages\/9453\/revisions"}],"predecessor-version":[{"id":17283,"href":"https:\/\/mfgraphicdesigner.com\/index.php\/wp-json\/wp\/v2\/pages\/9453\/revisions\/17283"}],"wp:attachment":[{"href":"https:\/\/mfgraphicdesigner.com\/index.php\/wp-json\/wp\/v2\/media?parent=9453"}],"curies":[{"name":"wp","href":"https:\/\/api.w.org\/{rel}","templated":true}]}}