{"id":9442,"date":"2024-08-30T18:04:56","date_gmt":"2024-08-30T16:04:56","guid":{"rendered":"https:\/\/mfgraphicdesigner.com\/?page_id=9442"},"modified":"2024-11-12T13:44:15","modified_gmt":"2024-11-12T12:44:15","slug":"logo-shawn-beer","status":"publish","type":"page","link":"https:\/\/mfgraphicdesigner.com\/index.php\/logo-shawn-beer\/","title":{"rendered":"Logo Shawn Beer"},"content":{"rendered":"\t\t<div data-elementor-type=\"wp-page\" data-elementor-id=\"9442\" class=\"elementor elementor-9442\" data-elementor-settings=\"{&quot;ha_cmc_init_switcher&quot;:&quot;no&quot;}\">\n\t\t\t\t<div class=\"elementor-element elementor-element-3404c77 e-flex e-con-boxed wpr-particle-no wpr-jarallax-no wpr-parallax-no wpr-sticky-section-no wpr-equal-height-no e-con e-parent\" data-id=\"3404c77\" data-element_type=\"container\" data-e-type=\"container\" data-settings=\"{&quot;_ha_eqh_enable&quot;:false}\">\n\t\t\t\t\t<div class=\"e-con-inner\">\n\t\t\t\t<div class=\"elementor-element elementor-element-ededd79 elementor-invisible elementor-widget elementor-widget-heading\" data-id=\"ededd79\" data-element_type=\"widget\" data-e-type=\"widget\" data-settings=\"{&quot;_animation&quot;:&quot;fadeInLeft&quot;,&quot;_animation_mobile&quot;:&quot;none&quot;}\" data-widget_type=\"heading.default\">\n\t\t\t\t<div class=\"elementor-widget-container\">\n\t\t\t\t\t<h1 class=\"elementor-heading-title elementor-size-default\">Logo Shawn Beer<\/h1>\t\t\t\t<\/div>\n\t\t\t\t<\/div>\n\t\t\t\t<div class=\"elementor-element elementor-element-eda0aaa elementor-widget-tablet__width-initial elementor-invisible elementor-widget elementor-widget-heading\" data-id=\"eda0aaa\" data-element_type=\"widget\" data-e-type=\"widget\" data-settings=\"{&quot;_animation&quot;:&quot;fadeInLeft&quot;,&quot;_animation_delay&quot;:100,&quot;_animation_mobile&quot;:&quot;none&quot;}\" data-widget_type=\"heading.default\">\n\t\t\t\t<div class=\"elementor-widget-container\">\n\t\t\t\t\t<h2 class=\"elementor-heading-title elementor-size-default\">Inspir\u00e9 d'une l\u00e9gende tha\u00eflandaise <\/h2>\t\t\t\t<\/div>\n\t\t\t\t<\/div>\n\t\t\t\t<div class=\"elementor-element elementor-element-25143f5 elementor-widget__width-initial elementor-invisible elementor-widget elementor-widget-text-editor\" data-id=\"25143f5\" data-element_type=\"widget\" data-e-type=\"widget\" data-settings=\"{&quot;_animation&quot;:&quot;fadeInLeft&quot;,&quot;_animation_delay&quot;:200,&quot;_animation_mobile&quot;:&quot;none&quot;}\" data-widget_type=\"text-editor.default\">\n\t\t\t\t<div class=\"elementor-widget-container\">\n\t\t\t\t\t\t\t\t\t<div class=\"page\" title=\"Page 17\"><div class=\"section\"><div class=\"layoutArea\"><div class=\"column\"><p>Pour le lancement de sa nouvelle bie\u0300re, la chai\u0302ne de restaurants Mme Shawn souhaitait un logo qui puisse se de\u0301cliner sur des sous-bocks. Ayant une entie\u0300re liberte\u0301 dans la conception, j\u2019ai choisi de mettre en avant la culture thai\u0308landaise avec notamment une cre\u0301ature mythologique du pays. Ce personnage le\u0301gendaire et symbolique donne du caracte\u0300re et une singularite\u0301 a\u0300 cette bie\u0300re blonde.<\/p><\/div><\/div><\/div><\/div>\t\t\t\t\t\t\t\t<\/div>\n\t\t\t\t<\/div>\n\t\t\t\t\t<\/div>\n\t\t\t\t<\/div>\n\t\t<div class=\"elementor-element elementor-element-5e76461 e-flex e-con-boxed wpr-particle-no wpr-jarallax-no wpr-parallax-no wpr-sticky-section-no wpr-equal-height-no e-con e-parent\" data-id=\"5e76461\" data-element_type=\"container\" data-e-type=\"container\" data-settings=\"{&quot;_ha_eqh_enable&quot;:false}\">\n\t\t\t\t\t<div class=\"e-con-inner\">\n\t\t<div class=\"elementor-element elementor-element-fe97749 e-con-full e-flex wpr-particle-no wpr-jarallax-no wpr-parallax-no wpr-sticky-section-no wpr-equal-height-no e-con e-child\" data-id=\"fe97749\" data-element_type=\"container\" data-e-type=\"container\" data-settings=\"{&quot;_ha_eqh_enable&quot;:false}\">\n\t\t\t\t<div class=\"elementor-element elementor-element-a47c110 elementor-invisible elementor-widget elementor-widget-image\" data-id=\"a47c110\" data-element_type=\"widget\" data-e-type=\"widget\" data-settings=\"{&quot;_animation&quot;:&quot;fadeInRight&quot;,&quot;_animation_mobile&quot;:&quot;none&quot;}\" data-widget_type=\"image.default\">\n\t\t\t\t<div class=\"elementor-widget-container\">\n\t\t\t\t\t\t\t\t\t\t\t\t\t\t\t<img fetchpriority=\"high\" decoding=\"async\" width=\"922\" height=\"1024\" src=\"https:\/\/mfgraphicdesigner.com\/wp-content\/uploads\/2024\/08\/shawnbeer-galerie-922x1024.jpg\" class=\"attachment-large size-large wp-image-3707\" alt=\"Logo bi\u00e8re Shawn Beer pour les restaurants Mme Shawn\" srcset=\"https:\/\/mfgraphicdesigner.com\/wp-content\/uploads\/2024\/08\/shawnbeer-galerie-922x1024.jpg 922w, https:\/\/mfgraphicdesigner.com\/wp-content\/uploads\/2024\/08\/shawnbeer-galerie-270x300.jpg 270w, https:\/\/mfgraphicdesigner.com\/wp-content\/uploads\/2024\/08\/shawnbeer-galerie-1383x1536.jpg 1383w, https:\/\/mfgraphicdesigner.com\/wp-content\/uploads\/2024\/08\/shawnbeer-galerie-1843x2048.jpg 1843w, https:\/\/mfgraphicdesigner.com\/wp-content\/uploads\/2024\/08\/shawnbeer-galerie-600x667.jpg 600w, https:\/\/mfgraphicdesigner.com\/wp-content\/uploads\/2024\/08\/shawnbeer-galerie.jpg 1875w\" sizes=\"100vw\" \/>\t\t\t\t\t\t\t\t\t\t\t\t\t\t\t<\/div>\n\t\t\t\t<\/div>\n\t\t\t\t<\/div>\n\t\t<div class=\"elementor-element elementor-element-bca5fef e-con-full e-flex wpr-particle-no wpr-jarallax-no wpr-parallax-no wpr-sticky-section-no wpr-equal-height-no e-con e-child\" data-id=\"bca5fef\" data-element_type=\"container\" data-e-type=\"container\" data-settings=\"{&quot;_ha_eqh_enable&quot;:false}\">\n\t\t\t\t<div class=\"elementor-element elementor-element-846b18f elementor-invisible elementor-widget elementor-widget-image\" data-id=\"846b18f\" data-element_type=\"widget\" data-e-type=\"widget\" data-settings=\"{&quot;_animation&quot;:&quot;fadeInLeft&quot;,&quot;_animation_mobile&quot;:&quot;none&quot;}\" data-widget_type=\"image.default\">\n\t\t\t\t<div class=\"elementor-widget-container\">\n\t\t\t\t\t\t\t\t\t\t\t\t\t\t\t<img decoding=\"async\" width=\"950\" height=\"691\" src=\"https:\/\/mfgraphicdesigner.com\/wp-content\/uploads\/2024\/08\/shawn-beer-sous-bock-1024x745.jpg\" class=\"attachment-large size-large wp-image-9518\" alt=\"Sous-bock pour la bi\u00e8re des restaurants tha\u00eflandais Mme Shawn\" srcset=\"https:\/\/mfgraphicdesigner.com\/wp-content\/uploads\/2024\/08\/shawn-beer-sous-bock-1024x745.jpg 1024w, https:\/\/mfgraphicdesigner.com\/wp-content\/uploads\/2024\/08\/shawn-beer-sous-bock-300x218.jpg 300w, https:\/\/mfgraphicdesigner.com\/wp-content\/uploads\/2024\/08\/shawn-beer-sous-bock-600x436.jpg 600w, https:\/\/mfgraphicdesigner.com\/wp-content\/uploads\/2024\/08\/shawn-beer-sous-bock.jpg 1467w\" sizes=\"100vw\" \/>\t\t\t\t\t\t\t\t\t\t\t\t\t\t\t<\/div>\n\t\t\t\t<\/div>\n\t\t\t\t<\/div>\n\t\t\t\t\t<\/div>\n\t\t\t\t<\/div>\n\t\t\t\t<\/div>\n\t\t","protected":false},"excerpt":{"rendered":"<p>Logo Shawn Beer Inspir\u00e9 d&rsquo;une l\u00e9gende tha\u00eflandaise Pour le lancement de sa nouvelle bie\u0300re, la chai\u0302ne de restaurants Mme Shawn souhaitait un logo qui puisse se de\u0301cliner sur des sous-bocks. Ayant une entie\u0300re liberte\u0301 dans la conception, j\u2019ai choisi de mettre en avant la culture thai\u0308landaise avec notamment une cre\u0301ature mythologique du pays. Ce personnage le\u0301gendaire et symbolique donne du caracte\u0300re et une singularite\u0301 a\u0300 cette bie\u0300re blonde.<\/p>\n","protected":false},"author":1,"featured_media":0,"parent":0,"menu_order":0,"comment_status":"closed","ping_status":"closed","template":"","meta":{"inspiro_hide_title":false,"footnotes":""},"class_list":["post-9442","page","type-page","status-publish","hentry"],"yoast_head":"<!-- This site is optimized with the Yoast SEO plugin v27.5 - https:\/\/yoast.com\/product\/yoast-seo-wordpress\/ -->\n<title>Logo Shawn Beer - mfgraphicdesigner<\/title>\n<meta name=\"description\" content=\"Un logo singulier inspir\u00e9 d\u2019une cr\u00e9ature l\u00e9gendaire et symbolique tha\u00eflandaise pour la bi\u00e8re de la cha\u00eene de restaurants Mme Shawn.\" \/>\n<meta name=\"robots\" content=\"index, follow, max-snippet:-1, max-image-preview:large, max-video-preview:-1\" \/>\n<link rel=\"canonical\" href=\"https:\/\/mfgraphicdesigner.com\/index.php\/logo-shawn-beer\/\" \/>\n<meta property=\"og:locale\" content=\"fr_FR\" \/>\n<meta property=\"og:type\" content=\"article\" \/>\n<meta property=\"og:title\" content=\"Logo Shawn Beer - mfgraphicdesigner\" \/>\n<meta property=\"og:description\" content=\"Un logo singulier inspir\u00e9 d\u2019une cr\u00e9ature l\u00e9gendaire et symbolique tha\u00eflandaise pour la bi\u00e8re de la cha\u00eene de restaurants Mme Shawn.\" \/>\n<meta property=\"og:url\" content=\"https:\/\/mfgraphicdesigner.com\/index.php\/logo-shawn-beer\/\" \/>\n<meta property=\"og:site_name\" content=\"mfgraphicdesigner\" \/>\n<meta property=\"article:modified_time\" content=\"2024-11-12T12:44:15+00:00\" \/>\n<meta property=\"og:image\" content=\"http:\/\/mfgraphicdesigner.com\/wp-content\/uploads\/2024\/08\/shawnbeer-galerie-922x1024.jpg\" \/>\n<meta name=\"twitter:card\" content=\"summary_large_image\" \/>\n<meta name=\"twitter:label1\" content=\"Dur\u00e9e de lecture estim\u00e9e\" \/>\n\t<meta name=\"twitter:data1\" content=\"1 minute\" \/>\n<script type=\"application\/ld+json\" class=\"yoast-schema-graph\">{\"@context\":\"https:\\\/\\\/schema.org\",\"@graph\":[{\"@type\":\"WebPage\",\"@id\":\"https:\\\/\\\/mfgraphicdesigner.com\\\/index.php\\\/logo-shawn-beer\\\/\",\"url\":\"https:\\\/\\\/mfgraphicdesigner.com\\\/index.php\\\/logo-shawn-beer\\\/\",\"name\":\"Logo Shawn Beer - mfgraphicdesigner\",\"isPartOf\":{\"@id\":\"https:\\\/\\\/mfgraphicdesigner.com\\\/#website\"},\"primaryImageOfPage\":{\"@id\":\"https:\\\/\\\/mfgraphicdesigner.com\\\/index.php\\\/logo-shawn-beer\\\/#primaryimage\"},\"image\":{\"@id\":\"https:\\\/\\\/mfgraphicdesigner.com\\\/index.php\\\/logo-shawn-beer\\\/#primaryimage\"},\"thumbnailUrl\":\"http:\\\/\\\/mfgraphicdesigner.com\\\/wp-content\\\/uploads\\\/2024\\\/08\\\/shawnbeer-galerie-922x1024.jpg\",\"datePublished\":\"2024-08-30T16:04:56+00:00\",\"dateModified\":\"2024-11-12T12:44:15+00:00\",\"description\":\"Un logo singulier inspir\u00e9 d\u2019une cr\u00e9ature l\u00e9gendaire et symbolique tha\u00eflandaise pour la bi\u00e8re de la cha\u00eene de restaurants Mme Shawn.\",\"breadcrumb\":{\"@id\":\"https:\\\/\\\/mfgraphicdesigner.com\\\/index.php\\\/logo-shawn-beer\\\/#breadcrumb\"},\"inLanguage\":\"fr-FR\",\"potentialAction\":[{\"@type\":\"ReadAction\",\"target\":[\"https:\\\/\\\/mfgraphicdesigner.com\\\/index.php\\\/logo-shawn-beer\\\/\"]}]},{\"@type\":\"ImageObject\",\"inLanguage\":\"fr-FR\",\"@id\":\"https:\\\/\\\/mfgraphicdesigner.com\\\/index.php\\\/logo-shawn-beer\\\/#primaryimage\",\"url\":\"https:\\\/\\\/mfgraphicdesigner.com\\\/wp-content\\\/uploads\\\/2024\\\/08\\\/shawnbeer-galerie.jpg\",\"contentUrl\":\"https:\\\/\\\/mfgraphicdesigner.com\\\/wp-content\\\/uploads\\\/2024\\\/08\\\/shawnbeer-galerie.jpg\",\"width\":1875,\"height\":2083,\"caption\":\"Logo bi\u00e8re Shawn Beer pour les restaurants Mme Shawn\"},{\"@type\":\"BreadcrumbList\",\"@id\":\"https:\\\/\\\/mfgraphicdesigner.com\\\/index.php\\\/logo-shawn-beer\\\/#breadcrumb\",\"itemListElement\":[{\"@type\":\"ListItem\",\"position\":1,\"name\":\"Accueil\",\"item\":\"https:\\\/\\\/mfgraphicdesigner.com\\\/\"},{\"@type\":\"ListItem\",\"position\":2,\"name\":\"Logo Shawn Beer\"}]},{\"@type\":\"WebSite\",\"@id\":\"https:\\\/\\\/mfgraphicdesigner.com\\\/#website\",\"url\":\"https:\\\/\\\/mfgraphicdesigner.com\\\/\",\"name\":\"mfgraphicdesigner.com\",\"description\":\"\",\"publisher\":{\"@id\":\"https:\\\/\\\/mfgraphicdesigner.com\\\/#organization\"},\"potentialAction\":[{\"@type\":\"SearchAction\",\"target\":{\"@type\":\"EntryPoint\",\"urlTemplate\":\"https:\\\/\\\/mfgraphicdesigner.com\\\/?s={search_term_string}\"},\"query-input\":{\"@type\":\"PropertyValueSpecification\",\"valueRequired\":true,\"valueName\":\"search_term_string\"}}],\"inLanguage\":\"fr-FR\"},{\"@type\":\"Organization\",\"@id\":\"https:\\\/\\\/mfgraphicdesigner.com\\\/#organization\",\"name\":\"mfgraphicdesigner.com\",\"url\":\"https:\\\/\\\/mfgraphicdesigner.com\\\/\",\"logo\":{\"@type\":\"ImageObject\",\"inLanguage\":\"fr-FR\",\"@id\":\"https:\\\/\\\/mfgraphicdesigner.com\\\/#\\\/schema\\\/logo\\\/image\\\/\",\"url\":\"https:\\\/\\\/mfgraphicdesigner.com\\\/wp-content\\\/uploads\\\/2024\\\/01\\\/logo-final.png\",\"contentUrl\":\"https:\\\/\\\/mfgraphicdesigner.com\\\/wp-content\\\/uploads\\\/2024\\\/01\\\/logo-final.png\",\"width\":3798,\"height\":3646,\"caption\":\"mfgraphicdesigner.com\"},\"image\":{\"@id\":\"https:\\\/\\\/mfgraphicdesigner.com\\\/#\\\/schema\\\/logo\\\/image\\\/\"}}]}<\/script>\n<!-- \/ Yoast SEO plugin. -->","yoast_head_json":{"title":"Logo Shawn Beer - mfgraphicdesigner","description":"Un logo singulier inspir\u00e9 d\u2019une cr\u00e9ature l\u00e9gendaire et symbolique tha\u00eflandaise pour la bi\u00e8re de la cha\u00eene de restaurants Mme Shawn.","robots":{"index":"index","follow":"follow","max-snippet":"max-snippet:-1","max-image-preview":"max-image-preview:large","max-video-preview":"max-video-preview:-1"},"canonical":"https:\/\/mfgraphicdesigner.com\/index.php\/logo-shawn-beer\/","og_locale":"fr_FR","og_type":"article","og_title":"Logo Shawn Beer - mfgraphicdesigner","og_description":"Un logo singulier inspir\u00e9 d\u2019une cr\u00e9ature l\u00e9gendaire et symbolique tha\u00eflandaise pour la bi\u00e8re de la cha\u00eene de restaurants Mme Shawn.","og_url":"https:\/\/mfgraphicdesigner.com\/index.php\/logo-shawn-beer\/","og_site_name":"mfgraphicdesigner","article_modified_time":"2024-11-12T12:44:15+00:00","og_image":[{"url":"http:\/\/mfgraphicdesigner.com\/wp-content\/uploads\/2024\/08\/shawnbeer-galerie-922x1024.jpg","type":"","width":"","height":""}],"twitter_card":"summary_large_image","twitter_misc":{"Dur\u00e9e de lecture estim\u00e9e":"1 minute"},"schema":{"@context":"https:\/\/schema.org","@graph":[{"@type":"WebPage","@id":"https:\/\/mfgraphicdesigner.com\/index.php\/logo-shawn-beer\/","url":"https:\/\/mfgraphicdesigner.com\/index.php\/logo-shawn-beer\/","name":"Logo Shawn Beer - mfgraphicdesigner","isPartOf":{"@id":"https:\/\/mfgraphicdesigner.com\/#website"},"primaryImageOfPage":{"@id":"https:\/\/mfgraphicdesigner.com\/index.php\/logo-shawn-beer\/#primaryimage"},"image":{"@id":"https:\/\/mfgraphicdesigner.com\/index.php\/logo-shawn-beer\/#primaryimage"},"thumbnailUrl":"http:\/\/mfgraphicdesigner.com\/wp-content\/uploads\/2024\/08\/shawnbeer-galerie-922x1024.jpg","datePublished":"2024-08-30T16:04:56+00:00","dateModified":"2024-11-12T12:44:15+00:00","description":"Un logo singulier inspir\u00e9 d\u2019une cr\u00e9ature l\u00e9gendaire et symbolique tha\u00eflandaise pour la bi\u00e8re de la cha\u00eene de restaurants Mme Shawn.","breadcrumb":{"@id":"https:\/\/mfgraphicdesigner.com\/index.php\/logo-shawn-beer\/#breadcrumb"},"inLanguage":"fr-FR","potentialAction":[{"@type":"ReadAction","target":["https:\/\/mfgraphicdesigner.com\/index.php\/logo-shawn-beer\/"]}]},{"@type":"ImageObject","inLanguage":"fr-FR","@id":"https:\/\/mfgraphicdesigner.com\/index.php\/logo-shawn-beer\/#primaryimage","url":"https:\/\/mfgraphicdesigner.com\/wp-content\/uploads\/2024\/08\/shawnbeer-galerie.jpg","contentUrl":"https:\/\/mfgraphicdesigner.com\/wp-content\/uploads\/2024\/08\/shawnbeer-galerie.jpg","width":1875,"height":2083,"caption":"Logo bi\u00e8re Shawn Beer pour les restaurants Mme Shawn"},{"@type":"BreadcrumbList","@id":"https:\/\/mfgraphicdesigner.com\/index.php\/logo-shawn-beer\/#breadcrumb","itemListElement":[{"@type":"ListItem","position":1,"name":"Accueil","item":"https:\/\/mfgraphicdesigner.com\/"},{"@type":"ListItem","position":2,"name":"Logo Shawn Beer"}]},{"@type":"WebSite","@id":"https:\/\/mfgraphicdesigner.com\/#website","url":"https:\/\/mfgraphicdesigner.com\/","name":"mfgraphicdesigner.com","description":"","publisher":{"@id":"https:\/\/mfgraphicdesigner.com\/#organization"},"potentialAction":[{"@type":"SearchAction","target":{"@type":"EntryPoint","urlTemplate":"https:\/\/mfgraphicdesigner.com\/?s={search_term_string}"},"query-input":{"@type":"PropertyValueSpecification","valueRequired":true,"valueName":"search_term_string"}}],"inLanguage":"fr-FR"},{"@type":"Organization","@id":"https:\/\/mfgraphicdesigner.com\/#organization","name":"mfgraphicdesigner.com","url":"https:\/\/mfgraphicdesigner.com\/","logo":{"@type":"ImageObject","inLanguage":"fr-FR","@id":"https:\/\/mfgraphicdesigner.com\/#\/schema\/logo\/image\/","url":"https:\/\/mfgraphicdesigner.com\/wp-content\/uploads\/2024\/01\/logo-final.png","contentUrl":"https:\/\/mfgraphicdesigner.com\/wp-content\/uploads\/2024\/01\/logo-final.png","width":3798,"height":3646,"caption":"mfgraphicdesigner.com"},"image":{"@id":"https:\/\/mfgraphicdesigner.com\/#\/schema\/logo\/image\/"}}]}},"_links":{"self":[{"href":"https:\/\/mfgraphicdesigner.com\/index.php\/wp-json\/wp\/v2\/pages\/9442","targetHints":{"allow":["GET"]}}],"collection":[{"href":"https:\/\/mfgraphicdesigner.com\/index.php\/wp-json\/wp\/v2\/pages"}],"about":[{"href":"https:\/\/mfgraphicdesigner.com\/index.php\/wp-json\/wp\/v2\/types\/page"}],"author":[{"embeddable":true,"href":"https:\/\/mfgraphicdesigner.com\/index.php\/wp-json\/wp\/v2\/users\/1"}],"replies":[{"embeddable":true,"href":"https:\/\/mfgraphicdesigner.com\/index.php\/wp-json\/wp\/v2\/comments?post=9442"}],"version-history":[{"count":220,"href":"https:\/\/mfgraphicdesigner.com\/index.php\/wp-json\/wp\/v2\/pages\/9442\/revisions"}],"predecessor-version":[{"id":17325,"href":"https:\/\/mfgraphicdesigner.com\/index.php\/wp-json\/wp\/v2\/pages\/9442\/revisions\/17325"}],"wp:attachment":[{"href":"https:\/\/mfgraphicdesigner.com\/index.php\/wp-json\/wp\/v2\/media?parent=9442"}],"curies":[{"name":"wp","href":"https:\/\/api.w.org\/{rel}","templated":true}]}}