{"id":1216,"date":"2024-03-01T16:46:27","date_gmt":"2024-03-01T15:46:27","guid":{"rendered":"https:\/\/mfgraphicdesigner.com\/?page_id=1216"},"modified":"2024-11-12T13:38:11","modified_gmt":"2024-11-12T12:38:11","slug":"identite-visuelle-cafe-marcel","status":"publish","type":"page","link":"https:\/\/mfgraphicdesigner.com\/index.php\/identite-visuelle-cafe-marcel\/","title":{"rendered":"Identit\u00e9 visuelle Caf\u00e9 Marcel"},"content":{"rendered":"\t\t<div data-elementor-type=\"wp-page\" data-elementor-id=\"1216\" class=\"elementor elementor-1216\" data-elementor-settings=\"{&quot;ha_cmc_init_switcher&quot;:&quot;no&quot;}\">\n\t\t\t\t<div class=\"elementor-element elementor-element-195c98e e-flex e-con-boxed wpr-particle-no wpr-jarallax-no wpr-parallax-no wpr-sticky-section-no wpr-equal-height-no e-con e-parent\" data-id=\"195c98e\" data-element_type=\"container\" data-e-type=\"container\" data-settings=\"{&quot;_ha_eqh_enable&quot;:false}\">\n\t\t\t\t\t<div class=\"e-con-inner\">\n\t\t<div class=\"elementor-element elementor-element-f40e0f8 e-con-full e-flex wpr-particle-no wpr-jarallax-no wpr-parallax-no wpr-sticky-section-no wpr-equal-height-no e-con e-child\" data-id=\"f40e0f8\" data-element_type=\"container\" data-e-type=\"container\" data-settings=\"{&quot;_ha_eqh_enable&quot;:false}\">\n\t\t\t\t<div class=\"elementor-element elementor-element-aab2d50 elementor-invisible elementor-widget elementor-widget-heading\" data-id=\"aab2d50\" data-element_type=\"widget\" data-e-type=\"widget\" data-settings=\"{&quot;_animation&quot;:&quot;fadeInLeft&quot;,&quot;_animation_mobile&quot;:&quot;none&quot;}\" data-widget_type=\"heading.default\">\n\t\t\t\t<div class=\"elementor-widget-container\">\n\t\t\t\t\t<h1 class=\"elementor-heading-title elementor-size-default\">Identit\u00e9 visuelle Caf\u00e9 Marcel<\/h1>\t\t\t\t<\/div>\n\t\t\t\t<\/div>\n\t\t\t\t<div class=\"elementor-element elementor-element-5b5aa9d elementor-invisible elementor-widget elementor-widget-heading\" data-id=\"5b5aa9d\" data-element_type=\"widget\" data-e-type=\"widget\" data-settings=\"{&quot;_animation&quot;:&quot;fadeInLeft&quot;,&quot;_animation_delay&quot;:100,&quot;_animation_mobile&quot;:&quot;none&quot;}\" data-widget_type=\"heading.default\">\n\t\t\t\t<div class=\"elementor-widget-container\">\n\t\t\t\t\t<h2 class=\"elementor-heading-title elementor-size-default\">Une fusion harmonieuse culturelle<\/h2>\t\t\t\t<\/div>\n\t\t\t\t<\/div>\n\t\t\t\t<div class=\"elementor-element elementor-element-fbedaf2 elementor-invisible elementor-widget elementor-widget-text-editor\" data-id=\"fbedaf2\" data-element_type=\"widget\" data-e-type=\"widget\" data-settings=\"{&quot;_animation&quot;:&quot;fadeInLeft&quot;,&quot;_animation_delay&quot;:300,&quot;_animation_mobile&quot;:&quot;none&quot;}\" data-widget_type=\"text-editor.default\">\n\t\t\t\t<div class=\"elementor-widget-container\">\n\t\t\t\t\t\t\t\t\t<div class=\"page\" title=\"Page 12\"><div class=\"layoutArea\"><div class=\"column\"><p>Cre\u0301ation d\u2019une identite\u0301 visuelle pour le restaurant indien Cafe\u0301 Marcel situe\u0301 a\u0300 Paris. Le principal objectif \u00e9tait de symboliser avec e\u0301le\u0301gance l\u2019univers indien mais e\u0301galement celui du bistrot parisien.<\/p><div class=\"page\" title=\"Page 13\"><div class=\"layoutArea\"><div class=\"column\"><p>L\u2019identite\u0301 visuelle a e\u0301te\u0301 de\u0301ploye\u0301e sur le menu et les sous-bocks (qui servent e\u0301galement de cartes de visite).<\/p><\/div><\/div><\/div><\/div><\/div><\/div>\t\t\t\t\t\t\t\t<\/div>\n\t\t\t\t<\/div>\n\t\t\t\t<\/div>\n\t\t<div class=\"elementor-element elementor-element-5ff2e15 e-con-full e-flex wpr-particle-no wpr-jarallax-no wpr-parallax-no wpr-sticky-section-no wpr-equal-height-no e-con e-child\" data-id=\"5ff2e15\" data-element_type=\"container\" data-e-type=\"container\" data-settings=\"{&quot;_ha_eqh_enable&quot;:false}\">\n\t\t\t\t<div class=\"elementor-element elementor-element-8475857 elementor-invisible elementor-widget elementor-widget-image\" data-id=\"8475857\" data-element_type=\"widget\" data-e-type=\"widget\" data-settings=\"{&quot;_animation&quot;:&quot;fadeInRight&quot;,&quot;_animation_mobile&quot;:&quot;none&quot;}\" data-widget_type=\"image.default\">\n\t\t\t\t<div class=\"elementor-widget-container\">\n\t\t\t\t\t\t\t\t\t\t\t\t\t\t\t<img fetchpriority=\"high\" decoding=\"async\" width=\"922\" height=\"1024\" src=\"https:\/\/mfgraphicdesigner.com\/wp-content\/uploads\/2024\/08\/marcel-galerie-922x1024.jpg\" class=\"attachment-large size-large wp-image-3722\" alt=\"Menu du restaurant indien Caf\u00e9 Marcel\" srcset=\"https:\/\/mfgraphicdesigner.com\/wp-content\/uploads\/2024\/08\/marcel-galerie-922x1024.jpg 922w, https:\/\/mfgraphicdesigner.com\/wp-content\/uploads\/2024\/08\/marcel-galerie-270x300.jpg 270w, https:\/\/mfgraphicdesigner.com\/wp-content\/uploads\/2024\/08\/marcel-galerie-1383x1536.jpg 1383w, https:\/\/mfgraphicdesigner.com\/wp-content\/uploads\/2024\/08\/marcel-galerie-1843x2048.jpg 1843w, https:\/\/mfgraphicdesigner.com\/wp-content\/uploads\/2024\/08\/marcel-galerie-600x667.jpg 600w, https:\/\/mfgraphicdesigner.com\/wp-content\/uploads\/2024\/08\/marcel-galerie.jpg 1875w\" sizes=\"100vw\" \/>\t\t\t\t\t\t\t\t\t\t\t\t\t\t\t<\/div>\n\t\t\t\t<\/div>\n\t\t\t\t<\/div>\n\t\t\t\t\t<\/div>\n\t\t\t\t<\/div>\n\t\t<div class=\"elementor-element elementor-element-db8f88d e-flex e-con-boxed wpr-particle-no wpr-jarallax-no wpr-parallax-no wpr-sticky-section-no wpr-equal-height-no e-con e-parent\" data-id=\"db8f88d\" data-element_type=\"container\" data-e-type=\"container\" data-settings=\"{&quot;_ha_eqh_enable&quot;:false}\">\n\t\t\t\t\t<div class=\"e-con-inner\">\n\t\t<div class=\"elementor-element elementor-element-b12fc2e e-con-full e-flex wpr-particle-no wpr-jarallax-no wpr-parallax-no wpr-sticky-section-no wpr-equal-height-no e-con e-child\" data-id=\"b12fc2e\" data-element_type=\"container\" data-e-type=\"container\" data-settings=\"{&quot;_ha_eqh_enable&quot;:false}\">\n\t\t\t\t<div class=\"elementor-element elementor-element-0fa5057 elementor-invisible elementor-widget elementor-widget-image\" data-id=\"0fa5057\" data-element_type=\"widget\" data-e-type=\"widget\" data-settings=\"{&quot;_animation&quot;:&quot;fadeInLeft&quot;,&quot;_animation_mobile&quot;:&quot;none&quot;}\" data-widget_type=\"image.default\">\n\t\t\t\t<div class=\"elementor-widget-container\">\n\t\t\t\t\t\t\t\t\t\t\t\t\t\t\t<img decoding=\"async\" width=\"950\" height=\"691\" src=\"https:\/\/mfgraphicdesigner.com\/wp-content\/uploads\/2024\/08\/marcel-logo2-1024x745.jpg\" class=\"attachment-large size-large wp-image-5285\" alt=\"Logo du Caf\u00e9 Marcel fusionnant les univers indien et bistrot parisien\" srcset=\"https:\/\/mfgraphicdesigner.com\/wp-content\/uploads\/2024\/08\/marcel-logo2-1024x745.jpg 1024w, https:\/\/mfgraphicdesigner.com\/wp-content\/uploads\/2024\/08\/marcel-logo2-300x218.jpg 300w, https:\/\/mfgraphicdesigner.com\/wp-content\/uploads\/2024\/08\/marcel-logo2-600x436.jpg 600w, https:\/\/mfgraphicdesigner.com\/wp-content\/uploads\/2024\/08\/marcel-logo2.jpg 1100w\" sizes=\"100vw\" \/>\t\t\t\t\t\t\t\t\t\t\t\t\t\t\t<\/div>\n\t\t\t\t<\/div>\n\t\t\t\t<\/div>\n\t\t<div class=\"elementor-element elementor-element-c671c62 e-con-full e-flex wpr-particle-no wpr-jarallax-no wpr-parallax-no wpr-sticky-section-no wpr-equal-height-no e-con e-child\" data-id=\"c671c62\" data-element_type=\"container\" data-e-type=\"container\" data-settings=\"{&quot;_ha_eqh_enable&quot;:false}\">\n\t\t\t\t<div class=\"elementor-element elementor-element-2c8258e elementor-widget__width-initial elementor-invisible elementor-widget elementor-widget-heading\" data-id=\"2c8258e\" data-element_type=\"widget\" data-e-type=\"widget\" data-settings=\"{&quot;_animation&quot;:&quot;fadeInRight&quot;,&quot;_animation_mobile&quot;:&quot;none&quot;}\" data-widget_type=\"heading.default\">\n\t\t\t\t<div class=\"elementor-widget-container\">\n\t\t\t\t\t<h3 class=\"elementor-heading-title elementor-size-default\">UN LOGO, <br>DEUX CULTURES<\/h3>\t\t\t\t<\/div>\n\t\t\t\t<\/div>\n\t\t\t\t<div class=\"elementor-element elementor-element-4ed465f elementor-widget__width-initial elementor-invisible elementor-widget elementor-widget-text-editor\" data-id=\"4ed465f\" data-element_type=\"widget\" data-e-type=\"widget\" data-settings=\"{&quot;_animation&quot;:&quot;fadeInRight&quot;,&quot;_animation_delay&quot;:100,&quot;_animation_mobile&quot;:&quot;none&quot;}\" data-widget_type=\"text-editor.default\">\n\t\t\t\t<div class=\"elementor-widget-container\">\n\t\t\t\t\t\t\t\t\t<div class=\"page\" title=\"Page 15\"><div class=\"layoutArea\"><div class=\"column\"><p>Reprenant la ligne au-dessus des lettres, typique de l\u2019e\u0301criture indienne, le logo garde le me\u0302me principe assorti d\u2019une typographie simple. Cette combinaison graphique permet ainsi de refle\u0301ter aussi bien la culture indienne que la culture occidentale.<\/p><\/div><\/div><\/div>\t\t\t\t\t\t\t\t<\/div>\n\t\t\t\t<\/div>\n\t\t\t\t<\/div>\n\t\t\t\t\t<\/div>\n\t\t\t\t<\/div>\n\t\t<div class=\"elementor-element elementor-element-2e4a8aa e-flex e-con-boxed wpr-particle-no wpr-jarallax-no wpr-parallax-no wpr-sticky-section-no wpr-equal-height-no e-con e-parent\" data-id=\"2e4a8aa\" data-element_type=\"container\" data-e-type=\"container\" data-settings=\"{&quot;_ha_eqh_enable&quot;:false}\">\n\t\t\t\t\t<div class=\"e-con-inner\">\n\t\t<div class=\"elementor-element elementor-element-ddc3fa4 e-con-full e-flex wpr-particle-no wpr-jarallax-no wpr-parallax-no wpr-sticky-section-no wpr-equal-height-no e-con e-child\" data-id=\"ddc3fa4\" data-element_type=\"container\" data-e-type=\"container\" data-settings=\"{&quot;_ha_eqh_enable&quot;:false}\">\n\t\t\t\t<div class=\"elementor-element elementor-element-e46eb0b elementor-invisible elementor-widget elementor-widget-image\" data-id=\"e46eb0b\" data-element_type=\"widget\" data-e-type=\"widget\" data-settings=\"{&quot;_animation&quot;:&quot;fadeInLeft&quot;,&quot;_animation_mobile&quot;:&quot;none&quot;}\" data-widget_type=\"image.default\">\n\t\t\t\t<div class=\"elementor-widget-container\">\n\t\t\t\t\t\t\t\t\t\t\t\t\t\t\t<img decoding=\"async\" width=\"950\" height=\"950\" src=\"https:\/\/mfgraphicdesigner.com\/wp-content\/uploads\/2024\/08\/marcel-sous-bock1-1024x1024.jpg\" class=\"attachment-large size-large wp-image-5931\" alt=\"Sous-bock Caf\u00e9 Marcel avec logo bi\u00e8re\" srcset=\"https:\/\/mfgraphicdesigner.com\/wp-content\/uploads\/2024\/08\/marcel-sous-bock1-1024x1024.jpg 1024w, https:\/\/mfgraphicdesigner.com\/wp-content\/uploads\/2024\/08\/marcel-sous-bock1-300x300.jpg 300w, https:\/\/mfgraphicdesigner.com\/wp-content\/uploads\/2024\/08\/marcel-sous-bock1-150x150.jpg 150w, https:\/\/mfgraphicdesigner.com\/wp-content\/uploads\/2024\/08\/marcel-sous-bock1-600x600.jpg 600w, https:\/\/mfgraphicdesigner.com\/wp-content\/uploads\/2024\/08\/marcel-sous-bock1-100x100.jpg 100w, https:\/\/mfgraphicdesigner.com\/wp-content\/uploads\/2024\/08\/marcel-sous-bock1.jpg 1080w\" sizes=\"100vw\" \/>\t\t\t\t\t\t\t\t\t\t\t\t\t\t\t<\/div>\n\t\t\t\t<\/div>\n\t\t\t\t<\/div>\n\t\t<div class=\"elementor-element elementor-element-139329f e-con-full e-flex wpr-particle-no wpr-jarallax-no wpr-parallax-no wpr-sticky-section-no wpr-equal-height-no e-con e-child\" data-id=\"139329f\" data-element_type=\"container\" data-e-type=\"container\" data-settings=\"{&quot;_ha_eqh_enable&quot;:false}\">\n\t\t\t\t<div class=\"elementor-element elementor-element-80dcbbf elementor-invisible elementor-widget elementor-widget-image\" data-id=\"80dcbbf\" data-element_type=\"widget\" data-e-type=\"widget\" data-settings=\"{&quot;_animation&quot;:&quot;fadeInRight&quot;,&quot;_animation_mobile&quot;:&quot;none&quot;}\" data-widget_type=\"image.default\">\n\t\t\t\t<div class=\"elementor-widget-container\">\n\t\t\t\t\t\t\t\t\t\t\t\t\t\t\t<img loading=\"lazy\" decoding=\"async\" width=\"950\" height=\"950\" src=\"https:\/\/mfgraphicdesigner.com\/wp-content\/uploads\/2024\/08\/marcel-sous-bock12-1024x1024.jpg\" class=\"attachment-large size-large wp-image-5932\" alt=\"Sous-bock, carte de visite Caf\u00e9 Marcel\" srcset=\"https:\/\/mfgraphicdesigner.com\/wp-content\/uploads\/2024\/08\/marcel-sous-bock12-1024x1024.jpg 1024w, https:\/\/mfgraphicdesigner.com\/wp-content\/uploads\/2024\/08\/marcel-sous-bock12-300x300.jpg 300w, https:\/\/mfgraphicdesigner.com\/wp-content\/uploads\/2024\/08\/marcel-sous-bock12-150x150.jpg 150w, https:\/\/mfgraphicdesigner.com\/wp-content\/uploads\/2024\/08\/marcel-sous-bock12-600x600.jpg 600w, https:\/\/mfgraphicdesigner.com\/wp-content\/uploads\/2024\/08\/marcel-sous-bock12-100x100.jpg 100w, https:\/\/mfgraphicdesigner.com\/wp-content\/uploads\/2024\/08\/marcel-sous-bock12.jpg 1080w\" sizes=\"100vw\" \/>\t\t\t\t\t\t\t\t\t\t\t\t\t\t\t<\/div>\n\t\t\t\t<\/div>\n\t\t\t\t<\/div>\n\t\t\t\t\t<\/div>\n\t\t\t\t<\/div>\n\t\t<div class=\"elementor-element elementor-element-9c69c58 e-flex e-con-boxed wpr-particle-no wpr-jarallax-no wpr-parallax-no wpr-sticky-section-no wpr-equal-height-no e-con e-parent\" data-id=\"9c69c58\" data-element_type=\"container\" data-e-type=\"container\" data-settings=\"{&quot;_ha_eqh_enable&quot;:false}\">\n\t\t\t\t\t<div class=\"e-con-inner\">\n\t\t<div class=\"elementor-element elementor-element-bd2393c e-con-full e-flex wpr-particle-no wpr-jarallax-no wpr-parallax-no wpr-sticky-section-no wpr-equal-height-no e-con e-child\" data-id=\"bd2393c\" data-element_type=\"container\" data-e-type=\"container\" data-settings=\"{&quot;_ha_eqh_enable&quot;:false}\">\n\t\t\t\t<div class=\"elementor-element elementor-element-dd9d9c5 elementor-widget elementor-widget-image\" data-id=\"dd9d9c5\" data-element_type=\"widget\" data-e-type=\"widget\" data-widget_type=\"image.default\">\n\t\t\t\t<div class=\"elementor-widget-container\">\n\t\t\t\t\t\t\t\t\t\t\t\t\t\t\t<img loading=\"lazy\" decoding=\"async\" width=\"745\" height=\"1024\" src=\"https:\/\/mfgraphicdesigner.com\/wp-content\/uploads\/2024\/08\/marcel-menu3-745x1024.jpg\" class=\"attachment-large size-large wp-image-6046\" alt=\"Menu ouvert du Caf\u00e9 Marcel pr\u00e9sentant un design inspir\u00e9 des cultures indiennes et parisiennes\" srcset=\"https:\/\/mfgraphicdesigner.com\/wp-content\/uploads\/2024\/08\/marcel-menu3-745x1024.jpg 745w, https:\/\/mfgraphicdesigner.com\/wp-content\/uploads\/2024\/08\/marcel-menu3-218x300.jpg 218w, https:\/\/mfgraphicdesigner.com\/wp-content\/uploads\/2024\/08\/marcel-menu3-600x825.jpg 600w, https:\/\/mfgraphicdesigner.com\/wp-content\/uploads\/2024\/08\/marcel-menu3.jpg 1067w\" sizes=\"100vw\" \/>\t\t\t\t\t\t\t\t\t\t\t\t\t\t\t<\/div>\n\t\t\t\t<\/div>\n\t\t\t\t<\/div>\n\t\t<div class=\"elementor-element elementor-element-230548d e-con-full e-flex wpr-particle-no wpr-jarallax-no wpr-parallax-no wpr-sticky-section-no wpr-equal-height-no e-con e-child\" data-id=\"230548d\" data-element_type=\"container\" data-e-type=\"container\" data-settings=\"{&quot;_ha_eqh_enable&quot;:false}\">\n\t\t\t\t<div class=\"elementor-element elementor-element-03af92e elementor-widget elementor-widget-image\" data-id=\"03af92e\" data-element_type=\"widget\" data-e-type=\"widget\" data-widget_type=\"image.default\">\n\t\t\t\t<div class=\"elementor-widget-container\">\n\t\t\t\t\t\t\t\t\t\t\t\t\t\t\t<img loading=\"lazy\" decoding=\"async\" width=\"745\" height=\"1024\" src=\"https:\/\/mfgraphicdesigner.com\/wp-content\/uploads\/2024\/08\/marcel-menu2-745x1024.jpg\" class=\"attachment-large size-large wp-image-6041\" alt=\"Menu ouvert du Caf\u00e9 Marcel pr\u00e9sentant les plats et desserts\" srcset=\"https:\/\/mfgraphicdesigner.com\/wp-content\/uploads\/2024\/08\/marcel-menu2-745x1024.jpg 745w, https:\/\/mfgraphicdesigner.com\/wp-content\/uploads\/2024\/08\/marcel-menu2-218x300.jpg 218w, https:\/\/mfgraphicdesigner.com\/wp-content\/uploads\/2024\/08\/marcel-menu2-600x825.jpg 600w, https:\/\/mfgraphicdesigner.com\/wp-content\/uploads\/2024\/08\/marcel-menu2.jpg 1067w\" sizes=\"100vw\" \/>\t\t\t\t\t\t\t\t\t\t\t\t\t\t\t<\/div>\n\t\t\t\t<\/div>\n\t\t\t\t<\/div>\n\t\t\t\t\t<\/div>\n\t\t\t\t<\/div>\n\t\t\t\t<\/div>\n\t\t","protected":false},"excerpt":{"rendered":"<p>Identit\u00e9 visuelle Caf\u00e9 Marcel Une fusion harmonieuse culturelle Cre\u0301ation d\u2019une identite\u0301 visuelle pour le restaurant indien Cafe\u0301 Marcel situe\u0301 a\u0300 Paris. Le principal objectif \u00e9tait de symboliser avec e\u0301le\u0301gance l\u2019univers indien mais e\u0301galement celui du bistrot parisien. L\u2019identite\u0301 visuelle a e\u0301te\u0301 de\u0301ploye\u0301e sur le menu et les sous-bocks (qui servent e\u0301galement de cartes de visite). UN LOGO, DEUX CULTURES Reprenant la ligne au-dessus des lettres, typique de l\u2019e\u0301criture indienne, le logo garde le me\u0302me principe assorti d\u2019une typographie simple. Cette combinaison graphique permet ainsi de refle\u0301ter aussi bien la culture indienne que la culture occidentale.<\/p>\n","protected":false},"author":1,"featured_media":0,"parent":0,"menu_order":0,"comment_status":"closed","ping_status":"closed","template":"","meta":{"inspiro_hide_title":false,"footnotes":""},"class_list":["post-1216","page","type-page","status-publish","hentry"],"yoast_head":"<!-- This site is optimized with the Yoast SEO plugin v27.5 - https:\/\/yoast.com\/product\/yoast-seo-wordpress\/ -->\n<title>Identit\u00e9 visuelle Caf\u00e9 Marcel - mfgraphicdesigner<\/title>\n<meta name=\"description\" content=\"Une identit\u00e9 visuelle qui symbolise et fusionne avec \u00e9l\u00e9gance les univers indien et bistrot parisien pour le restaurant Caf\u00e9 Marcel \u00e0 Paris.\" \/>\n<meta name=\"robots\" content=\"index, follow, max-snippet:-1, max-image-preview:large, max-video-preview:-1\" \/>\n<link rel=\"canonical\" href=\"https:\/\/mfgraphicdesigner.com\/index.php\/identite-visuelle-cafe-marcel\/\" \/>\n<meta property=\"og:locale\" content=\"fr_FR\" \/>\n<meta property=\"og:type\" content=\"article\" \/>\n<meta property=\"og:title\" content=\"Identit\u00e9 visuelle Caf\u00e9 Marcel - mfgraphicdesigner\" \/>\n<meta property=\"og:description\" content=\"Une identit\u00e9 visuelle qui symbolise et fusionne avec \u00e9l\u00e9gance les univers indien et bistrot parisien pour le restaurant Caf\u00e9 Marcel \u00e0 Paris.\" \/>\n<meta property=\"og:url\" content=\"https:\/\/mfgraphicdesigner.com\/index.php\/identite-visuelle-cafe-marcel\/\" \/>\n<meta property=\"og:site_name\" content=\"mfgraphicdesigner\" \/>\n<meta property=\"article:modified_time\" content=\"2024-11-12T12:38:11+00:00\" \/>\n<meta property=\"og:image\" content=\"http:\/\/mfgraphicdesigner.com\/wp-content\/uploads\/2024\/08\/marcel-galerie-922x1024.jpg\" \/>\n<meta name=\"twitter:card\" content=\"summary_large_image\" \/>\n<script type=\"application\/ld+json\" class=\"yoast-schema-graph\">{\"@context\":\"https:\\\/\\\/schema.org\",\"@graph\":[{\"@type\":\"WebPage\",\"@id\":\"https:\\\/\\\/mfgraphicdesigner.com\\\/index.php\\\/identite-visuelle-cafe-marcel\\\/\",\"url\":\"https:\\\/\\\/mfgraphicdesigner.com\\\/index.php\\\/identite-visuelle-cafe-marcel\\\/\",\"name\":\"Identit\u00e9 visuelle Caf\u00e9 Marcel - mfgraphicdesigner\",\"isPartOf\":{\"@id\":\"https:\\\/\\\/mfgraphicdesigner.com\\\/#website\"},\"primaryImageOfPage\":{\"@id\":\"https:\\\/\\\/mfgraphicdesigner.com\\\/index.php\\\/identite-visuelle-cafe-marcel\\\/#primaryimage\"},\"image\":{\"@id\":\"https:\\\/\\\/mfgraphicdesigner.com\\\/index.php\\\/identite-visuelle-cafe-marcel\\\/#primaryimage\"},\"thumbnailUrl\":\"http:\\\/\\\/mfgraphicdesigner.com\\\/wp-content\\\/uploads\\\/2024\\\/08\\\/marcel-galerie-922x1024.jpg\",\"datePublished\":\"2024-03-01T15:46:27+00:00\",\"dateModified\":\"2024-11-12T12:38:11+00:00\",\"description\":\"Une identit\u00e9 visuelle qui symbolise et fusionne avec \u00e9l\u00e9gance les univers indien et bistrot parisien pour le restaurant Caf\u00e9 Marcel \u00e0 Paris.\",\"breadcrumb\":{\"@id\":\"https:\\\/\\\/mfgraphicdesigner.com\\\/index.php\\\/identite-visuelle-cafe-marcel\\\/#breadcrumb\"},\"inLanguage\":\"fr-FR\",\"potentialAction\":[{\"@type\":\"ReadAction\",\"target\":[\"https:\\\/\\\/mfgraphicdesigner.com\\\/index.php\\\/identite-visuelle-cafe-marcel\\\/\"]}]},{\"@type\":\"ImageObject\",\"inLanguage\":\"fr-FR\",\"@id\":\"https:\\\/\\\/mfgraphicdesigner.com\\\/index.php\\\/identite-visuelle-cafe-marcel\\\/#primaryimage\",\"url\":\"http:\\\/\\\/mfgraphicdesigner.com\\\/wp-content\\\/uploads\\\/2024\\\/08\\\/marcel-galerie-922x1024.jpg\",\"contentUrl\":\"http:\\\/\\\/mfgraphicdesigner.com\\\/wp-content\\\/uploads\\\/2024\\\/08\\\/marcel-galerie-922x1024.jpg\"},{\"@type\":\"BreadcrumbList\",\"@id\":\"https:\\\/\\\/mfgraphicdesigner.com\\\/index.php\\\/identite-visuelle-cafe-marcel\\\/#breadcrumb\",\"itemListElement\":[{\"@type\":\"ListItem\",\"position\":1,\"name\":\"Accueil\",\"item\":\"https:\\\/\\\/mfgraphicdesigner.com\\\/\"},{\"@type\":\"ListItem\",\"position\":2,\"name\":\"Identit\u00e9 visuelle Caf\u00e9 Marcel\"}]},{\"@type\":\"WebSite\",\"@id\":\"https:\\\/\\\/mfgraphicdesigner.com\\\/#website\",\"url\":\"https:\\\/\\\/mfgraphicdesigner.com\\\/\",\"name\":\"mfgraphicdesigner.com\",\"description\":\"\",\"publisher\":{\"@id\":\"https:\\\/\\\/mfgraphicdesigner.com\\\/#organization\"},\"potentialAction\":[{\"@type\":\"SearchAction\",\"target\":{\"@type\":\"EntryPoint\",\"urlTemplate\":\"https:\\\/\\\/mfgraphicdesigner.com\\\/?s={search_term_string}\"},\"query-input\":{\"@type\":\"PropertyValueSpecification\",\"valueRequired\":true,\"valueName\":\"search_term_string\"}}],\"inLanguage\":\"fr-FR\"},{\"@type\":\"Organization\",\"@id\":\"https:\\\/\\\/mfgraphicdesigner.com\\\/#organization\",\"name\":\"mfgraphicdesigner.com\",\"url\":\"https:\\\/\\\/mfgraphicdesigner.com\\\/\",\"logo\":{\"@type\":\"ImageObject\",\"inLanguage\":\"fr-FR\",\"@id\":\"https:\\\/\\\/mfgraphicdesigner.com\\\/#\\\/schema\\\/logo\\\/image\\\/\",\"url\":\"https:\\\/\\\/mfgraphicdesigner.com\\\/wp-content\\\/uploads\\\/2024\\\/01\\\/logo-final.png\",\"contentUrl\":\"https:\\\/\\\/mfgraphicdesigner.com\\\/wp-content\\\/uploads\\\/2024\\\/01\\\/logo-final.png\",\"width\":3798,\"height\":3646,\"caption\":\"mfgraphicdesigner.com\"},\"image\":{\"@id\":\"https:\\\/\\\/mfgraphicdesigner.com\\\/#\\\/schema\\\/logo\\\/image\\\/\"}}]}<\/script>\n<!-- \/ Yoast SEO plugin. -->","yoast_head_json":{"title":"Identit\u00e9 visuelle Caf\u00e9 Marcel - mfgraphicdesigner","description":"Une identit\u00e9 visuelle qui symbolise et fusionne avec \u00e9l\u00e9gance les univers indien et bistrot parisien pour le restaurant Caf\u00e9 Marcel \u00e0 Paris.","robots":{"index":"index","follow":"follow","max-snippet":"max-snippet:-1","max-image-preview":"max-image-preview:large","max-video-preview":"max-video-preview:-1"},"canonical":"https:\/\/mfgraphicdesigner.com\/index.php\/identite-visuelle-cafe-marcel\/","og_locale":"fr_FR","og_type":"article","og_title":"Identit\u00e9 visuelle Caf\u00e9 Marcel - mfgraphicdesigner","og_description":"Une identit\u00e9 visuelle qui symbolise et fusionne avec \u00e9l\u00e9gance les univers indien et bistrot parisien pour le restaurant Caf\u00e9 Marcel \u00e0 Paris.","og_url":"https:\/\/mfgraphicdesigner.com\/index.php\/identite-visuelle-cafe-marcel\/","og_site_name":"mfgraphicdesigner","article_modified_time":"2024-11-12T12:38:11+00:00","og_image":[{"url":"http:\/\/mfgraphicdesigner.com\/wp-content\/uploads\/2024\/08\/marcel-galerie-922x1024.jpg","type":"","width":"","height":""}],"twitter_card":"summary_large_image","schema":{"@context":"https:\/\/schema.org","@graph":[{"@type":"WebPage","@id":"https:\/\/mfgraphicdesigner.com\/index.php\/identite-visuelle-cafe-marcel\/","url":"https:\/\/mfgraphicdesigner.com\/index.php\/identite-visuelle-cafe-marcel\/","name":"Identit\u00e9 visuelle Caf\u00e9 Marcel - mfgraphicdesigner","isPartOf":{"@id":"https:\/\/mfgraphicdesigner.com\/#website"},"primaryImageOfPage":{"@id":"https:\/\/mfgraphicdesigner.com\/index.php\/identite-visuelle-cafe-marcel\/#primaryimage"},"image":{"@id":"https:\/\/mfgraphicdesigner.com\/index.php\/identite-visuelle-cafe-marcel\/#primaryimage"},"thumbnailUrl":"http:\/\/mfgraphicdesigner.com\/wp-content\/uploads\/2024\/08\/marcel-galerie-922x1024.jpg","datePublished":"2024-03-01T15:46:27+00:00","dateModified":"2024-11-12T12:38:11+00:00","description":"Une identit\u00e9 visuelle qui symbolise et fusionne avec \u00e9l\u00e9gance les univers indien et bistrot parisien pour le restaurant Caf\u00e9 Marcel \u00e0 Paris.","breadcrumb":{"@id":"https:\/\/mfgraphicdesigner.com\/index.php\/identite-visuelle-cafe-marcel\/#breadcrumb"},"inLanguage":"fr-FR","potentialAction":[{"@type":"ReadAction","target":["https:\/\/mfgraphicdesigner.com\/index.php\/identite-visuelle-cafe-marcel\/"]}]},{"@type":"ImageObject","inLanguage":"fr-FR","@id":"https:\/\/mfgraphicdesigner.com\/index.php\/identite-visuelle-cafe-marcel\/#primaryimage","url":"http:\/\/mfgraphicdesigner.com\/wp-content\/uploads\/2024\/08\/marcel-galerie-922x1024.jpg","contentUrl":"http:\/\/mfgraphicdesigner.com\/wp-content\/uploads\/2024\/08\/marcel-galerie-922x1024.jpg"},{"@type":"BreadcrumbList","@id":"https:\/\/mfgraphicdesigner.com\/index.php\/identite-visuelle-cafe-marcel\/#breadcrumb","itemListElement":[{"@type":"ListItem","position":1,"name":"Accueil","item":"https:\/\/mfgraphicdesigner.com\/"},{"@type":"ListItem","position":2,"name":"Identit\u00e9 visuelle Caf\u00e9 Marcel"}]},{"@type":"WebSite","@id":"https:\/\/mfgraphicdesigner.com\/#website","url":"https:\/\/mfgraphicdesigner.com\/","name":"mfgraphicdesigner.com","description":"","publisher":{"@id":"https:\/\/mfgraphicdesigner.com\/#organization"},"potentialAction":[{"@type":"SearchAction","target":{"@type":"EntryPoint","urlTemplate":"https:\/\/mfgraphicdesigner.com\/?s={search_term_string}"},"query-input":{"@type":"PropertyValueSpecification","valueRequired":true,"valueName":"search_term_string"}}],"inLanguage":"fr-FR"},{"@type":"Organization","@id":"https:\/\/mfgraphicdesigner.com\/#organization","name":"mfgraphicdesigner.com","url":"https:\/\/mfgraphicdesigner.com\/","logo":{"@type":"ImageObject","inLanguage":"fr-FR","@id":"https:\/\/mfgraphicdesigner.com\/#\/schema\/logo\/image\/","url":"https:\/\/mfgraphicdesigner.com\/wp-content\/uploads\/2024\/01\/logo-final.png","contentUrl":"https:\/\/mfgraphicdesigner.com\/wp-content\/uploads\/2024\/01\/logo-final.png","width":3798,"height":3646,"caption":"mfgraphicdesigner.com"},"image":{"@id":"https:\/\/mfgraphicdesigner.com\/#\/schema\/logo\/image\/"}}]}},"_links":{"self":[{"href":"https:\/\/mfgraphicdesigner.com\/index.php\/wp-json\/wp\/v2\/pages\/1216","targetHints":{"allow":["GET"]}}],"collection":[{"href":"https:\/\/mfgraphicdesigner.com\/index.php\/wp-json\/wp\/v2\/pages"}],"about":[{"href":"https:\/\/mfgraphicdesigner.com\/index.php\/wp-json\/wp\/v2\/types\/page"}],"author":[{"embeddable":true,"href":"https:\/\/mfgraphicdesigner.com\/index.php\/wp-json\/wp\/v2\/users\/1"}],"replies":[{"embeddable":true,"href":"https:\/\/mfgraphicdesigner.com\/index.php\/wp-json\/wp\/v2\/comments?post=1216"}],"version-history":[{"count":366,"href":"https:\/\/mfgraphicdesigner.com\/index.php\/wp-json\/wp\/v2\/pages\/1216\/revisions"}],"predecessor-version":[{"id":17304,"href":"https:\/\/mfgraphicdesigner.com\/index.php\/wp-json\/wp\/v2\/pages\/1216\/revisions\/17304"}],"wp:attachment":[{"href":"https:\/\/mfgraphicdesigner.com\/index.php\/wp-json\/wp\/v2\/media?parent=1216"}],"curies":[{"name":"wp","href":"https:\/\/api.w.org\/{rel}","templated":true}]}}