{"id":1209,"date":"2024-03-01T16:41:56","date_gmt":"2024-03-01T15:41:56","guid":{"rendered":"https:\/\/mfgraphicdesigner.com\/?page_id=1209"},"modified":"2024-11-12T13:53:18","modified_gmt":"2024-11-12T12:53:18","slug":"supports-solis-towers","status":"publish","type":"page","link":"https:\/\/mfgraphicdesigner.com\/index.php\/supports-solis-towers\/","title":{"rendered":"Supports Solis Towers"},"content":{"rendered":"\t\t<div data-elementor-type=\"wp-page\" data-elementor-id=\"1209\" class=\"elementor elementor-1209\" data-elementor-settings=\"{&quot;ha_cmc_init_switcher&quot;:&quot;no&quot;}\">\n\t\t\t\t<div class=\"elementor-element elementor-element-62916dd e-flex e-con-boxed wpr-particle-no wpr-jarallax-no wpr-parallax-no wpr-sticky-section-no wpr-equal-height-no e-con e-parent\" data-id=\"62916dd\" data-element_type=\"container\" data-e-type=\"container\" data-settings=\"{&quot;_ha_eqh_enable&quot;:false}\">\n\t\t\t\t\t<div class=\"e-con-inner\">\n\t\t<div class=\"elementor-element elementor-element-cd7d7ce e-con-full e-flex wpr-particle-no wpr-jarallax-no wpr-parallax-no wpr-sticky-section-no wpr-equal-height-no e-con e-child\" data-id=\"cd7d7ce\" data-element_type=\"container\" data-e-type=\"container\" data-settings=\"{&quot;_ha_eqh_enable&quot;:false}\">\n\t\t\t\t<div class=\"elementor-element elementor-element-533e235 elementor-invisible elementor-widget elementor-widget-heading\" data-id=\"533e235\" data-element_type=\"widget\" data-e-type=\"widget\" data-settings=\"{&quot;_animation&quot;:&quot;fadeInLeft&quot;,&quot;_animation_mobile&quot;:&quot;none&quot;}\" data-widget_type=\"heading.default\">\n\t\t\t\t<div class=\"elementor-widget-container\">\n\t\t\t\t\t<h1 class=\"elementor-heading-title elementor-size-default\">Supports Solis Towers<\/h1>\t\t\t\t<\/div>\n\t\t\t\t<\/div>\n\t\t\t\t<div class=\"elementor-element elementor-element-762b332 elementor-invisible elementor-widget elementor-widget-heading\" data-id=\"762b332\" data-element_type=\"widget\" data-e-type=\"widget\" data-settings=\"{&quot;_animation&quot;:&quot;fadeInLeft&quot;,&quot;_animation_mobile&quot;:&quot;none&quot;,&quot;_animation_delay&quot;:100}\" data-widget_type=\"heading.default\">\n\t\t\t\t<div class=\"elementor-widget-container\">\n\t\t\t\t\t<h2 class=\"elementor-heading-title elementor-size-default\">\u00c9l\u00e9gance &amp; simplicit\u00e9<\/h2>\t\t\t\t<\/div>\n\t\t\t\t<\/div>\n\t\t\t\t<div class=\"elementor-element elementor-element-bdd368b elementor-invisible elementor-widget elementor-widget-text-editor\" data-id=\"bdd368b\" data-element_type=\"widget\" data-e-type=\"widget\" data-settings=\"{&quot;_animation&quot;:&quot;fadeInLeft&quot;,&quot;_animation_mobile&quot;:&quot;none&quot;,&quot;_animation_delay&quot;:200}\" data-widget_type=\"text-editor.default\">\n\t\t\t\t<div class=\"elementor-widget-container\">\n\t\t\t\t\t\t\t\t\t<div class=\"page\" title=\"Page 22\"><div class=\"layoutArea\"><div class=\"column\"><p>Cre\u0301ation d\u2019un catalogue et d\u2019un de\u0301pliant pour Bravo Building, une agence immobilie\u0300re de luxe situe\u0301e a\u0300 Dakar au Se\u0301ne\u0301gal.<\/p><p>L\u2019objectif e\u0301tait de cre\u0301er des supports e\u0301le\u0301gants et modernes correspondant a\u0300 l\u2019image standing de l\u2019agence.\u00a0<\/p><\/div><\/div><\/div>\t\t\t\t\t\t\t\t<\/div>\n\t\t\t\t<\/div>\n\t\t\t\t<\/div>\n\t\t<div class=\"elementor-element elementor-element-1ad1827 e-con-full e-flex wpr-particle-no wpr-jarallax-no wpr-parallax-no wpr-sticky-section-no wpr-equal-height-no e-con e-child\" data-id=\"1ad1827\" data-element_type=\"container\" data-e-type=\"container\" data-settings=\"{&quot;_ha_eqh_enable&quot;:false}\">\n\t\t\t\t<div class=\"elementor-element elementor-element-c0fe1ce elementor-invisible elementor-widget elementor-widget-image\" data-id=\"c0fe1ce\" data-element_type=\"widget\" data-e-type=\"widget\" data-settings=\"{&quot;_animation&quot;:&quot;fadeInRight&quot;,&quot;_animation_mobile&quot;:&quot;none&quot;}\" data-widget_type=\"image.default\">\n\t\t\t\t<div class=\"elementor-widget-container\">\n\t\t\t\t\t\t\t\t\t\t\t\t\t\t\t<img fetchpriority=\"high\" decoding=\"async\" width=\"950\" height=\"691\" src=\"https:\/\/mfgraphicdesigner.com\/wp-content\/uploads\/2024\/08\/solistowers-catalogue1-1024x745.jpg\" class=\"attachment-large size-large wp-image-6592\" alt=\"Catalogue \u00e9l\u00e9gant pour une agence immobili\u00e8re de luxe au S\u00e9n\u00e9gal\" srcset=\"https:\/\/mfgraphicdesigner.com\/wp-content\/uploads\/2024\/08\/solistowers-catalogue1-1024x745.jpg 1024w, https:\/\/mfgraphicdesigner.com\/wp-content\/uploads\/2024\/08\/solistowers-catalogue1-300x218.jpg 300w, https:\/\/mfgraphicdesigner.com\/wp-content\/uploads\/2024\/08\/solistowers-catalogue1-2000x1455.jpg 2000w, https:\/\/mfgraphicdesigner.com\/wp-content\/uploads\/2024\/08\/solistowers-catalogue1-1536x1117.jpg 1536w, https:\/\/mfgraphicdesigner.com\/wp-content\/uploads\/2024\/08\/solistowers-catalogue1-2048x1490.jpg 2048w, https:\/\/mfgraphicdesigner.com\/wp-content\/uploads\/2024\/08\/solistowers-catalogue1-600x436.jpg 600w\" sizes=\"100vw\" \/>\t\t\t\t\t\t\t\t\t\t\t\t\t\t\t<\/div>\n\t\t\t\t<\/div>\n\t\t\t\t<\/div>\n\t\t\t\t\t<\/div>\n\t\t\t\t<\/div>\n\t\t<div class=\"elementor-element elementor-element-f55d056 e-flex e-con-boxed wpr-particle-no wpr-jarallax-no wpr-parallax-no wpr-sticky-section-no wpr-equal-height-no e-con e-parent\" data-id=\"f55d056\" data-element_type=\"container\" data-e-type=\"container\" data-settings=\"{&quot;_ha_eqh_enable&quot;:false}\">\n\t\t\t\t\t<div class=\"e-con-inner\">\n\t\t<div class=\"elementor-element elementor-element-825907b e-con-full e-flex wpr-particle-no wpr-jarallax-no wpr-parallax-no wpr-sticky-section-no wpr-equal-height-no e-con e-child\" data-id=\"825907b\" data-element_type=\"container\" data-e-type=\"container\" data-settings=\"{&quot;_ha_eqh_enable&quot;:false}\">\n\t\t\t\t<div class=\"elementor-element elementor-element-23a758e elementor-invisible elementor-widget elementor-widget-image\" data-id=\"23a758e\" data-element_type=\"widget\" data-e-type=\"widget\" data-settings=\"{&quot;_animation&quot;:&quot;fadeInLeft&quot;,&quot;_animation_mobile&quot;:&quot;none&quot;}\" data-widget_type=\"image.default\">\n\t\t\t\t<div class=\"elementor-widget-container\">\n\t\t\t\t\t\t\t\t\t\t\t\t\t\t\t<img decoding=\"async\" width=\"950\" height=\"691\" src=\"https:\/\/mfgraphicdesigner.com\/wp-content\/uploads\/2024\/08\/solistowers-catalogue2-1024x745.jpg\" class=\"attachment-large size-large wp-image-6593\" alt=\"Catalogue pour une agence immobili\u00e8re de luxe au S\u00e9n\u00e9gal\" srcset=\"https:\/\/mfgraphicdesigner.com\/wp-content\/uploads\/2024\/08\/solistowers-catalogue2-1024x745.jpg 1024w, https:\/\/mfgraphicdesigner.com\/wp-content\/uploads\/2024\/08\/solistowers-catalogue2-300x218.jpg 300w, https:\/\/mfgraphicdesigner.com\/wp-content\/uploads\/2024\/08\/solistowers-catalogue2-600x436.jpg 600w, https:\/\/mfgraphicdesigner.com\/wp-content\/uploads\/2024\/08\/solistowers-catalogue2.jpg 1467w\" sizes=\"100vw\" \/>\t\t\t\t\t\t\t\t\t\t\t\t\t\t\t<\/div>\n\t\t\t\t<\/div>\n\t\t\t\t<div class=\"elementor-element elementor-element-5059379 elementor-invisible elementor-widget elementor-widget-text-editor\" data-id=\"5059379\" data-element_type=\"widget\" data-e-type=\"widget\" data-settings=\"{&quot;_animation&quot;:&quot;fadeInLeft&quot;,&quot;_animation_mobile&quot;:&quot;none&quot;}\" data-widget_type=\"text-editor.default\">\n\t\t\t\t<div class=\"elementor-widget-container\">\n\t\t\t\t\t\t\t\t\t<div class=\"page\" title=\"Page 22\"><div class=\"layoutArea\"><div class=\"column\"><p>Ayant une totale liberte\u0301 au niveau du design et de la mise en page, j\u2019ai opte\u0301 pour des couleurs sobres et naturelles (blanc, beige, kaki) avec des jeux de transparence, une mise en page e\u0301pure\u0301e avec de grands visuels et des phrases en exergue qui sont mises en valeur par une typographie manuscrite.<\/p><\/div><\/div><\/div>\t\t\t\t\t\t\t\t<\/div>\n\t\t\t\t<\/div>\n\t\t\t\t<\/div>\n\t\t<div class=\"elementor-element elementor-element-5228087 e-con-full e-flex wpr-particle-no wpr-jarallax-no wpr-parallax-no wpr-sticky-section-no wpr-equal-height-no e-con e-child\" data-id=\"5228087\" data-element_type=\"container\" data-e-type=\"container\" data-settings=\"{&quot;_ha_eqh_enable&quot;:false}\">\n\t\t<div class=\"elementor-element elementor-element-357496b e-con-full e-flex wpr-particle-no wpr-jarallax-no wpr-parallax-no wpr-sticky-section-no wpr-equal-height-no e-con e-child\" data-id=\"357496b\" data-element_type=\"container\" data-e-type=\"container\" data-settings=\"{&quot;_ha_eqh_enable&quot;:false}\">\n\t\t\t\t<div class=\"elementor-element elementor-element-6ea5484 elementor-invisible elementor-widget elementor-widget-image\" data-id=\"6ea5484\" data-element_type=\"widget\" data-e-type=\"widget\" data-settings=\"{&quot;_animation&quot;:&quot;fadeInRight&quot;,&quot;_animation_mobile&quot;:&quot;none&quot;}\" data-widget_type=\"image.default\">\n\t\t\t\t<div class=\"elementor-widget-container\">\n\t\t\t\t\t\t\t\t\t\t\t\t\t\t\t<img decoding=\"async\" width=\"950\" height=\"691\" src=\"https:\/\/mfgraphicdesigner.com\/wp-content\/uploads\/2024\/08\/solistowers-depliant1-1024x745.jpg\" class=\"attachment-large size-large wp-image-6594\" alt=\"D\u00e9pliant \u00e9l\u00e9gant pour une agence immobili\u00e8re de luxe au S\u00e9n\u00e9gal, avec une mise en page simple et des couleurs sobres\" srcset=\"https:\/\/mfgraphicdesigner.com\/wp-content\/uploads\/2024\/08\/solistowers-depliant1-1024x745.jpg 1024w, https:\/\/mfgraphicdesigner.com\/wp-content\/uploads\/2024\/08\/solistowers-depliant1-300x218.jpg 300w, https:\/\/mfgraphicdesigner.com\/wp-content\/uploads\/2024\/08\/solistowers-depliant1-2000x1455.jpg 2000w, https:\/\/mfgraphicdesigner.com\/wp-content\/uploads\/2024\/08\/solistowers-depliant1-1536x1117.jpg 1536w, https:\/\/mfgraphicdesigner.com\/wp-content\/uploads\/2024\/08\/solistowers-depliant1-2048x1490.jpg 2048w, https:\/\/mfgraphicdesigner.com\/wp-content\/uploads\/2024\/08\/solistowers-depliant1-600x436.jpg 600w\" sizes=\"100vw\" \/>\t\t\t\t\t\t\t\t\t\t\t\t\t\t\t<\/div>\n\t\t\t\t<\/div>\n\t\t\t\t<\/div>\n\t\t<div class=\"elementor-element elementor-element-4ee083d e-con-full e-flex wpr-particle-no wpr-jarallax-no wpr-parallax-no wpr-sticky-section-no wpr-equal-height-no e-con e-child\" data-id=\"4ee083d\" data-element_type=\"container\" data-e-type=\"container\" data-settings=\"{&quot;_ha_eqh_enable&quot;:false}\">\n\t\t\t\t<div class=\"elementor-element elementor-element-f5beef4 elementor-invisible elementor-widget elementor-widget-image\" data-id=\"f5beef4\" data-element_type=\"widget\" data-e-type=\"widget\" data-settings=\"{&quot;_animation&quot;:&quot;fadeInRight&quot;,&quot;_animation_mobile&quot;:&quot;none&quot;}\" data-widget_type=\"image.default\">\n\t\t\t\t<div class=\"elementor-widget-container\">\n\t\t\t\t\t\t\t\t\t\t\t\t\t\t\t<img loading=\"lazy\" decoding=\"async\" width=\"950\" height=\"691\" src=\"https:\/\/mfgraphicdesigner.com\/wp-content\/uploads\/2024\/08\/solistowers-depliant2-1024x745.jpg\" class=\"attachment-large size-large wp-image-6595\" alt=\"Mise en page d\u00e9pliant ouvert pour une agence immobili\u00e8re de luxe au S\u00e9n\u00e9gal\" srcset=\"https:\/\/mfgraphicdesigner.com\/wp-content\/uploads\/2024\/08\/solistowers-depliant2-1024x745.jpg 1024w, https:\/\/mfgraphicdesigner.com\/wp-content\/uploads\/2024\/08\/solistowers-depliant2-300x218.jpg 300w, https:\/\/mfgraphicdesigner.com\/wp-content\/uploads\/2024\/08\/solistowers-depliant2-600x436.jpg 600w, https:\/\/mfgraphicdesigner.com\/wp-content\/uploads\/2024\/08\/solistowers-depliant2.jpg 1467w\" sizes=\"100vw\" \/>\t\t\t\t\t\t\t\t\t\t\t\t\t\t\t<\/div>\n\t\t\t\t<\/div>\n\t\t\t\t<\/div>\n\t\t\t\t<\/div>\n\t\t\t\t\t<\/div>\n\t\t\t\t<\/div>\n\t\t\t\t<\/div>\n\t\t","protected":false},"excerpt":{"rendered":"<p>Supports Solis Towers \u00c9l\u00e9gance &amp; simplicit\u00e9 Cre\u0301ation d\u2019un catalogue et d\u2019un de\u0301pliant pour Bravo Building, une agence immobilie\u0300re de luxe situe\u0301e a\u0300 Dakar au Se\u0301ne\u0301gal. L\u2019objectif e\u0301tait de cre\u0301er des supports e\u0301le\u0301gants et modernes correspondant a\u0300 l\u2019image standing de l\u2019agence.\u00a0 Ayant une totale liberte\u0301 au niveau du design et de la mise en page, j\u2019ai opte\u0301 pour des couleurs sobres et naturelles (blanc, beige, kaki) avec des jeux de transparence, une mise en page e\u0301pure\u0301e avec de grands visuels et des phrases en exergue qui sont mises en valeur par une typographie manuscrite.<\/p>\n","protected":false},"author":1,"featured_media":0,"parent":0,"menu_order":0,"comment_status":"closed","ping_status":"closed","template":"","meta":{"inspiro_hide_title":false,"footnotes":""},"class_list":["post-1209","page","type-page","status-publish","hentry"],"yoast_head":"<!-- This site is optimized with the Yoast SEO plugin v27.5 - https:\/\/yoast.com\/product\/yoast-seo-wordpress\/ -->\n<title>Supports Solis Towers - mfgraphicdesigner<\/title>\n<meta name=\"description\" content=\"Supports imprim\u00e9s Solis Towers : un catalogue et un d\u00e9pliant \u00e9pur\u00e9s et modernes pour une agence immobili\u00e8re de luxe au S\u00e9n\u00e9gal.\" \/>\n<meta name=\"robots\" content=\"index, follow, max-snippet:-1, max-image-preview:large, max-video-preview:-1\" \/>\n<link rel=\"canonical\" href=\"https:\/\/mfgraphicdesigner.com\/index.php\/supports-solis-towers\/\" \/>\n<meta property=\"og:locale\" content=\"fr_FR\" \/>\n<meta property=\"og:type\" content=\"article\" \/>\n<meta property=\"og:title\" content=\"Supports Solis Towers - mfgraphicdesigner\" \/>\n<meta property=\"og:description\" content=\"Supports imprim\u00e9s Solis Towers : un catalogue et un d\u00e9pliant \u00e9pur\u00e9s et modernes pour une agence immobili\u00e8re de luxe au S\u00e9n\u00e9gal.\" \/>\n<meta property=\"og:url\" content=\"https:\/\/mfgraphicdesigner.com\/index.php\/supports-solis-towers\/\" \/>\n<meta property=\"og:site_name\" content=\"mfgraphicdesigner\" \/>\n<meta property=\"article:modified_time\" content=\"2024-11-12T12:53:18+00:00\" \/>\n<meta property=\"og:image\" content=\"http:\/\/mfgraphicdesigner.com\/wp-content\/uploads\/2024\/08\/solistowers-catalogue1-1024x745.jpg\" \/>\n<meta name=\"twitter:card\" content=\"summary_large_image\" \/>\n<meta name=\"twitter:label1\" content=\"Dur\u00e9e de lecture estim\u00e9e\" \/>\n\t<meta name=\"twitter:data1\" content=\"2 minutes\" \/>\n<script type=\"application\/ld+json\" class=\"yoast-schema-graph\">{\"@context\":\"https:\\\/\\\/schema.org\",\"@graph\":[{\"@type\":\"WebPage\",\"@id\":\"https:\\\/\\\/mfgraphicdesigner.com\\\/index.php\\\/supports-solis-towers\\\/\",\"url\":\"https:\\\/\\\/mfgraphicdesigner.com\\\/index.php\\\/supports-solis-towers\\\/\",\"name\":\"Supports Solis Towers - mfgraphicdesigner\",\"isPartOf\":{\"@id\":\"https:\\\/\\\/mfgraphicdesigner.com\\\/#website\"},\"primaryImageOfPage\":{\"@id\":\"https:\\\/\\\/mfgraphicdesigner.com\\\/index.php\\\/supports-solis-towers\\\/#primaryimage\"},\"image\":{\"@id\":\"https:\\\/\\\/mfgraphicdesigner.com\\\/index.php\\\/supports-solis-towers\\\/#primaryimage\"},\"thumbnailUrl\":\"http:\\\/\\\/mfgraphicdesigner.com\\\/wp-content\\\/uploads\\\/2024\\\/08\\\/solistowers-catalogue1-1024x745.jpg\",\"datePublished\":\"2024-03-01T15:41:56+00:00\",\"dateModified\":\"2024-11-12T12:53:18+00:00\",\"description\":\"Supports imprim\u00e9s Solis Towers : un catalogue et un d\u00e9pliant \u00e9pur\u00e9s et modernes pour une agence immobili\u00e8re de luxe au S\u00e9n\u00e9gal.\",\"breadcrumb\":{\"@id\":\"https:\\\/\\\/mfgraphicdesigner.com\\\/index.php\\\/supports-solis-towers\\\/#breadcrumb\"},\"inLanguage\":\"fr-FR\",\"potentialAction\":[{\"@type\":\"ReadAction\",\"target\":[\"https:\\\/\\\/mfgraphicdesigner.com\\\/index.php\\\/supports-solis-towers\\\/\"]}]},{\"@type\":\"ImageObject\",\"inLanguage\":\"fr-FR\",\"@id\":\"https:\\\/\\\/mfgraphicdesigner.com\\\/index.php\\\/supports-solis-towers\\\/#primaryimage\",\"url\":\"http:\\\/\\\/mfgraphicdesigner.com\\\/wp-content\\\/uploads\\\/2024\\\/08\\\/solistowers-catalogue1-1024x745.jpg\",\"contentUrl\":\"http:\\\/\\\/mfgraphicdesigner.com\\\/wp-content\\\/uploads\\\/2024\\\/08\\\/solistowers-catalogue1-1024x745.jpg\"},{\"@type\":\"BreadcrumbList\",\"@id\":\"https:\\\/\\\/mfgraphicdesigner.com\\\/index.php\\\/supports-solis-towers\\\/#breadcrumb\",\"itemListElement\":[{\"@type\":\"ListItem\",\"position\":1,\"name\":\"Accueil\",\"item\":\"https:\\\/\\\/mfgraphicdesigner.com\\\/\"},{\"@type\":\"ListItem\",\"position\":2,\"name\":\"Supports Solis Towers\"}]},{\"@type\":\"WebSite\",\"@id\":\"https:\\\/\\\/mfgraphicdesigner.com\\\/#website\",\"url\":\"https:\\\/\\\/mfgraphicdesigner.com\\\/\",\"name\":\"mfgraphicdesigner.com\",\"description\":\"\",\"publisher\":{\"@id\":\"https:\\\/\\\/mfgraphicdesigner.com\\\/#organization\"},\"potentialAction\":[{\"@type\":\"SearchAction\",\"target\":{\"@type\":\"EntryPoint\",\"urlTemplate\":\"https:\\\/\\\/mfgraphicdesigner.com\\\/?s={search_term_string}\"},\"query-input\":{\"@type\":\"PropertyValueSpecification\",\"valueRequired\":true,\"valueName\":\"search_term_string\"}}],\"inLanguage\":\"fr-FR\"},{\"@type\":\"Organization\",\"@id\":\"https:\\\/\\\/mfgraphicdesigner.com\\\/#organization\",\"name\":\"mfgraphicdesigner.com\",\"url\":\"https:\\\/\\\/mfgraphicdesigner.com\\\/\",\"logo\":{\"@type\":\"ImageObject\",\"inLanguage\":\"fr-FR\",\"@id\":\"https:\\\/\\\/mfgraphicdesigner.com\\\/#\\\/schema\\\/logo\\\/image\\\/\",\"url\":\"https:\\\/\\\/mfgraphicdesigner.com\\\/wp-content\\\/uploads\\\/2024\\\/01\\\/logo-final.png\",\"contentUrl\":\"https:\\\/\\\/mfgraphicdesigner.com\\\/wp-content\\\/uploads\\\/2024\\\/01\\\/logo-final.png\",\"width\":3798,\"height\":3646,\"caption\":\"mfgraphicdesigner.com\"},\"image\":{\"@id\":\"https:\\\/\\\/mfgraphicdesigner.com\\\/#\\\/schema\\\/logo\\\/image\\\/\"}}]}<\/script>\n<!-- \/ Yoast SEO plugin. -->","yoast_head_json":{"title":"Supports Solis Towers - mfgraphicdesigner","description":"Supports imprim\u00e9s Solis Towers : un catalogue et un d\u00e9pliant \u00e9pur\u00e9s et modernes pour une agence immobili\u00e8re de luxe au S\u00e9n\u00e9gal.","robots":{"index":"index","follow":"follow","max-snippet":"max-snippet:-1","max-image-preview":"max-image-preview:large","max-video-preview":"max-video-preview:-1"},"canonical":"https:\/\/mfgraphicdesigner.com\/index.php\/supports-solis-towers\/","og_locale":"fr_FR","og_type":"article","og_title":"Supports Solis Towers - mfgraphicdesigner","og_description":"Supports imprim\u00e9s Solis Towers : un catalogue et un d\u00e9pliant \u00e9pur\u00e9s et modernes pour une agence immobili\u00e8re de luxe au S\u00e9n\u00e9gal.","og_url":"https:\/\/mfgraphicdesigner.com\/index.php\/supports-solis-towers\/","og_site_name":"mfgraphicdesigner","article_modified_time":"2024-11-12T12:53:18+00:00","og_image":[{"url":"http:\/\/mfgraphicdesigner.com\/wp-content\/uploads\/2024\/08\/solistowers-catalogue1-1024x745.jpg","type":"","width":"","height":""}],"twitter_card":"summary_large_image","twitter_misc":{"Dur\u00e9e de lecture estim\u00e9e":"2 minutes"},"schema":{"@context":"https:\/\/schema.org","@graph":[{"@type":"WebPage","@id":"https:\/\/mfgraphicdesigner.com\/index.php\/supports-solis-towers\/","url":"https:\/\/mfgraphicdesigner.com\/index.php\/supports-solis-towers\/","name":"Supports Solis Towers - mfgraphicdesigner","isPartOf":{"@id":"https:\/\/mfgraphicdesigner.com\/#website"},"primaryImageOfPage":{"@id":"https:\/\/mfgraphicdesigner.com\/index.php\/supports-solis-towers\/#primaryimage"},"image":{"@id":"https:\/\/mfgraphicdesigner.com\/index.php\/supports-solis-towers\/#primaryimage"},"thumbnailUrl":"http:\/\/mfgraphicdesigner.com\/wp-content\/uploads\/2024\/08\/solistowers-catalogue1-1024x745.jpg","datePublished":"2024-03-01T15:41:56+00:00","dateModified":"2024-11-12T12:53:18+00:00","description":"Supports imprim\u00e9s Solis Towers : un catalogue et un d\u00e9pliant \u00e9pur\u00e9s et modernes pour une agence immobili\u00e8re de luxe au S\u00e9n\u00e9gal.","breadcrumb":{"@id":"https:\/\/mfgraphicdesigner.com\/index.php\/supports-solis-towers\/#breadcrumb"},"inLanguage":"fr-FR","potentialAction":[{"@type":"ReadAction","target":["https:\/\/mfgraphicdesigner.com\/index.php\/supports-solis-towers\/"]}]},{"@type":"ImageObject","inLanguage":"fr-FR","@id":"https:\/\/mfgraphicdesigner.com\/index.php\/supports-solis-towers\/#primaryimage","url":"http:\/\/mfgraphicdesigner.com\/wp-content\/uploads\/2024\/08\/solistowers-catalogue1-1024x745.jpg","contentUrl":"http:\/\/mfgraphicdesigner.com\/wp-content\/uploads\/2024\/08\/solistowers-catalogue1-1024x745.jpg"},{"@type":"BreadcrumbList","@id":"https:\/\/mfgraphicdesigner.com\/index.php\/supports-solis-towers\/#breadcrumb","itemListElement":[{"@type":"ListItem","position":1,"name":"Accueil","item":"https:\/\/mfgraphicdesigner.com\/"},{"@type":"ListItem","position":2,"name":"Supports Solis Towers"}]},{"@type":"WebSite","@id":"https:\/\/mfgraphicdesigner.com\/#website","url":"https:\/\/mfgraphicdesigner.com\/","name":"mfgraphicdesigner.com","description":"","publisher":{"@id":"https:\/\/mfgraphicdesigner.com\/#organization"},"potentialAction":[{"@type":"SearchAction","target":{"@type":"EntryPoint","urlTemplate":"https:\/\/mfgraphicdesigner.com\/?s={search_term_string}"},"query-input":{"@type":"PropertyValueSpecification","valueRequired":true,"valueName":"search_term_string"}}],"inLanguage":"fr-FR"},{"@type":"Organization","@id":"https:\/\/mfgraphicdesigner.com\/#organization","name":"mfgraphicdesigner.com","url":"https:\/\/mfgraphicdesigner.com\/","logo":{"@type":"ImageObject","inLanguage":"fr-FR","@id":"https:\/\/mfgraphicdesigner.com\/#\/schema\/logo\/image\/","url":"https:\/\/mfgraphicdesigner.com\/wp-content\/uploads\/2024\/01\/logo-final.png","contentUrl":"https:\/\/mfgraphicdesigner.com\/wp-content\/uploads\/2024\/01\/logo-final.png","width":3798,"height":3646,"caption":"mfgraphicdesigner.com"},"image":{"@id":"https:\/\/mfgraphicdesigner.com\/#\/schema\/logo\/image\/"}}]}},"_links":{"self":[{"href":"https:\/\/mfgraphicdesigner.com\/index.php\/wp-json\/wp\/v2\/pages\/1209","targetHints":{"allow":["GET"]}}],"collection":[{"href":"https:\/\/mfgraphicdesigner.com\/index.php\/wp-json\/wp\/v2\/pages"}],"about":[{"href":"https:\/\/mfgraphicdesigner.com\/index.php\/wp-json\/wp\/v2\/types\/page"}],"author":[{"embeddable":true,"href":"https:\/\/mfgraphicdesigner.com\/index.php\/wp-json\/wp\/v2\/users\/1"}],"replies":[{"embeddable":true,"href":"https:\/\/mfgraphicdesigner.com\/index.php\/wp-json\/wp\/v2\/comments?post=1209"}],"version-history":[{"count":127,"href":"https:\/\/mfgraphicdesigner.com\/index.php\/wp-json\/wp\/v2\/pages\/1209\/revisions"}],"predecessor-version":[{"id":17358,"href":"https:\/\/mfgraphicdesigner.com\/index.php\/wp-json\/wp\/v2\/pages\/1209\/revisions\/17358"}],"wp:attachment":[{"href":"https:\/\/mfgraphicdesigner.com\/index.php\/wp-json\/wp\/v2\/media?parent=1209"}],"curies":[{"name":"wp","href":"https:\/\/api.w.org\/{rel}","templated":true}]}}