{"id":10501,"date":"2024-09-02T18:31:29","date_gmt":"2024-09-02T16:31:29","guid":{"rendered":"https:\/\/mfgraphicdesigner.com\/?page_id=10501"},"modified":"2024-11-12T13:45:17","modified_gmt":"2024-11-12T12:45:17","slug":"logo-zapette","status":"publish","type":"page","link":"https:\/\/mfgraphicdesigner.com\/index.php\/logo-zapette\/","title":{"rendered":"Logo Zapette"},"content":{"rendered":"\t\t<div data-elementor-type=\"wp-page\" data-elementor-id=\"10501\" class=\"elementor elementor-10501\" data-elementor-settings=\"{&quot;ha_cmc_init_switcher&quot;:&quot;no&quot;}\">\n\t\t\t\t<div class=\"elementor-element elementor-element-2aa6a38 e-flex e-con-boxed wpr-particle-no wpr-jarallax-no wpr-parallax-no wpr-sticky-section-no wpr-equal-height-no e-con e-parent\" data-id=\"2aa6a38\" data-element_type=\"container\" data-e-type=\"container\" data-settings=\"{&quot;_ha_eqh_enable&quot;:false}\">\n\t\t\t\t\t<div class=\"e-con-inner\">\n\t\t<div class=\"elementor-element elementor-element-1cc212f e-con-full e-flex wpr-particle-no wpr-jarallax-no wpr-parallax-no wpr-sticky-section-no wpr-equal-height-no e-con e-child\" data-id=\"1cc212f\" data-element_type=\"container\" data-e-type=\"container\" data-settings=\"{&quot;animation&quot;:&quot;none&quot;,&quot;animation_mobile&quot;:&quot;none&quot;,&quot;_ha_eqh_enable&quot;:false}\">\n\t\t\t\t<div class=\"elementor-element elementor-element-51f0e72 elementor-invisible elementor-widget elementor-widget-image\" data-id=\"51f0e72\" data-element_type=\"widget\" data-e-type=\"widget\" data-settings=\"{&quot;_animation&quot;:&quot;fadeInLeft&quot;,&quot;_animation_mobile&quot;:&quot;none&quot;}\" data-widget_type=\"image.default\">\n\t\t\t\t<div class=\"elementor-widget-container\">\n\t\t\t\t\t\t\t\t\t\t\t\t\t\t\t<img fetchpriority=\"high\" decoding=\"async\" width=\"922\" height=\"1024\" src=\"https:\/\/mfgraphicdesigner.com\/wp-content\/uploads\/2024\/08\/zapette-galerie-922x1024.jpg\" class=\"attachment-large size-large wp-image-4143\" alt=\"Logo Zapette pour une application mobile\" srcset=\"https:\/\/mfgraphicdesigner.com\/wp-content\/uploads\/2024\/08\/zapette-galerie-922x1024.jpg 922w, https:\/\/mfgraphicdesigner.com\/wp-content\/uploads\/2024\/08\/zapette-galerie-270x300.jpg 270w, https:\/\/mfgraphicdesigner.com\/wp-content\/uploads\/2024\/08\/zapette-galerie-600x667.jpg 600w, https:\/\/mfgraphicdesigner.com\/wp-content\/uploads\/2024\/08\/zapette-galerie.jpg 1200w\" sizes=\"100vw\" \/>\t\t\t\t\t\t\t\t\t\t\t\t\t\t\t<\/div>\n\t\t\t\t<\/div>\n\t\t\t\t<\/div>\n\t\t<div class=\"elementor-element elementor-element-f0b01c8 e-con-full e-flex wpr-particle-no wpr-jarallax-no wpr-parallax-no wpr-sticky-section-no wpr-equal-height-no e-con e-child\" data-id=\"f0b01c8\" data-element_type=\"container\" data-e-type=\"container\" data-settings=\"{&quot;_ha_eqh_enable&quot;:false}\">\n\t\t\t\t<div class=\"elementor-element elementor-element-43caa54 elementor-invisible elementor-widget elementor-widget-heading\" data-id=\"43caa54\" data-element_type=\"widget\" data-e-type=\"widget\" data-settings=\"{&quot;_animation&quot;:&quot;fadeInRight&quot;,&quot;_animation_mobile&quot;:&quot;none&quot;}\" data-widget_type=\"heading.default\">\n\t\t\t\t<div class=\"elementor-widget-container\">\n\t\t\t\t\t<h1 class=\"elementor-heading-title elementor-size-default\">Logo Zapette<\/h1>\t\t\t\t<\/div>\n\t\t\t\t<\/div>\n\t\t\t\t<div class=\"elementor-element elementor-element-20af06d elementor-invisible elementor-widget elementor-widget-heading\" data-id=\"20af06d\" data-element_type=\"widget\" data-e-type=\"widget\" data-settings=\"{&quot;_animation&quot;:&quot;fadeInRight&quot;,&quot;_animation_mobile&quot;:&quot;none&quot;,&quot;_animation_delay&quot;:100}\" data-widget_type=\"heading.default\">\n\t\t\t\t<div class=\"elementor-widget-container\">\n\t\t\t\t\t<h2 class=\"elementor-heading-title elementor-size-default\">Un logo \u00e9pur\u00e9 &amp; efficace<\/h2>\t\t\t\t<\/div>\n\t\t\t\t<\/div>\n\t\t\t\t<div class=\"elementor-element elementor-element-08d5d6f elementor-widget__width-initial elementor-invisible elementor-widget elementor-widget-text-editor\" data-id=\"08d5d6f\" data-element_type=\"widget\" data-e-type=\"widget\" data-settings=\"{&quot;_animation&quot;:&quot;fadeInRight&quot;,&quot;_animation_mobile&quot;:&quot;none&quot;,&quot;_animation_delay&quot;:200}\" data-widget_type=\"text-editor.default\">\n\t\t\t\t<div class=\"elementor-widget-container\">\n\t\t\t\t\t\t\t\t\t<p>Zapette est une application mobile d\u00e9di\u00e9e \u00e0 une r\u00e9sidence dans les Yvelines qui permet d&rsquo;ouvrir un portail \u00e0 distance, offrant ainsi une solution pratique et moderne.\u00a0<\/p><p>Le logo, \u00e9pur\u00e9 et symbolique, repr\u00e9sente une maison avec un portail en mouvement, accentu\u00e9 par des fl\u00e8ches stylis\u00e9es qui illustrent l&rsquo;action d&rsquo;ouverture \u00e0 distance, refl\u00e9tant ainsi la fonctionnalit\u00e9 de l&rsquo;application.<\/p>\t\t\t\t\t\t\t\t<\/div>\n\t\t\t\t<\/div>\n\t\t\t\t<\/div>\n\t\t\t\t\t<\/div>\n\t\t\t\t<\/div>\n\t\t\t\t<\/div>\n\t\t","protected":false},"excerpt":{"rendered":"<p>Logo Zapette Un logo \u00e9pur\u00e9 &amp; efficace Zapette est une application mobile d\u00e9di\u00e9e \u00e0 une r\u00e9sidence dans les Yvelines qui permet d&rsquo;ouvrir un portail \u00e0 distance, offrant ainsi une solution pratique et moderne.\u00a0 Le logo, \u00e9pur\u00e9 et symbolique, repr\u00e9sente une maison avec un portail en mouvement, accentu\u00e9 par des fl\u00e8ches stylis\u00e9es qui illustrent l&rsquo;action d&rsquo;ouverture \u00e0 distance, refl\u00e9tant ainsi la fonctionnalit\u00e9 de l&rsquo;application.<\/p>\n","protected":false},"author":1,"featured_media":0,"parent":0,"menu_order":0,"comment_status":"closed","ping_status":"closed","template":"","meta":{"inspiro_hide_title":false,"footnotes":""},"class_list":["post-10501","page","type-page","status-publish","hentry"],"yoast_head":"<!-- This site is optimized with the Yoast SEO plugin v27.5 - https:\/\/yoast.com\/product\/yoast-seo-wordpress\/ -->\n<title>Logo Zapette - mfgraphicdesigner<\/title>\n<meta name=\"description\" content=\"Un logo simple et minimaliste pour une application de gestion de portail automatique d\u2019une r\u00e9sidence yvelinoise.\" \/>\n<meta name=\"robots\" content=\"index, follow, max-snippet:-1, max-image-preview:large, max-video-preview:-1\" \/>\n<link rel=\"canonical\" href=\"https:\/\/mfgraphicdesigner.com\/index.php\/logo-zapette\/\" \/>\n<meta property=\"og:locale\" content=\"fr_FR\" \/>\n<meta property=\"og:type\" content=\"article\" \/>\n<meta property=\"og:title\" content=\"Logo Zapette - mfgraphicdesigner\" \/>\n<meta property=\"og:description\" content=\"Un logo simple et minimaliste pour une application de gestion de portail automatique d\u2019une r\u00e9sidence yvelinoise.\" \/>\n<meta property=\"og:url\" content=\"https:\/\/mfgraphicdesigner.com\/index.php\/logo-zapette\/\" \/>\n<meta property=\"og:site_name\" content=\"mfgraphicdesigner\" \/>\n<meta property=\"article:modified_time\" content=\"2024-11-12T12:45:17+00:00\" \/>\n<meta property=\"og:image\" content=\"http:\/\/mfgraphicdesigner.com\/wp-content\/uploads\/2024\/08\/zapette-galerie-922x1024.jpg\" \/>\n<meta name=\"twitter:card\" content=\"summary_large_image\" \/>\n<meta name=\"twitter:label1\" content=\"Dur\u00e9e de lecture estim\u00e9e\" \/>\n\t<meta name=\"twitter:data1\" content=\"1 minute\" \/>\n<script type=\"application\/ld+json\" class=\"yoast-schema-graph\">{\"@context\":\"https:\\\/\\\/schema.org\",\"@graph\":[{\"@type\":\"WebPage\",\"@id\":\"https:\\\/\\\/mfgraphicdesigner.com\\\/index.php\\\/logo-zapette\\\/\",\"url\":\"https:\\\/\\\/mfgraphicdesigner.com\\\/index.php\\\/logo-zapette\\\/\",\"name\":\"Logo Zapette - mfgraphicdesigner\",\"isPartOf\":{\"@id\":\"https:\\\/\\\/mfgraphicdesigner.com\\\/#website\"},\"primaryImageOfPage\":{\"@id\":\"https:\\\/\\\/mfgraphicdesigner.com\\\/index.php\\\/logo-zapette\\\/#primaryimage\"},\"image\":{\"@id\":\"https:\\\/\\\/mfgraphicdesigner.com\\\/index.php\\\/logo-zapette\\\/#primaryimage\"},\"thumbnailUrl\":\"http:\\\/\\\/mfgraphicdesigner.com\\\/wp-content\\\/uploads\\\/2024\\\/08\\\/zapette-galerie-922x1024.jpg\",\"datePublished\":\"2024-09-02T16:31:29+00:00\",\"dateModified\":\"2024-11-12T12:45:17+00:00\",\"description\":\"Un logo simple et minimaliste pour une application de gestion de portail automatique d\u2019une r\u00e9sidence yvelinoise.\",\"breadcrumb\":{\"@id\":\"https:\\\/\\\/mfgraphicdesigner.com\\\/index.php\\\/logo-zapette\\\/#breadcrumb\"},\"inLanguage\":\"fr-FR\",\"potentialAction\":[{\"@type\":\"ReadAction\",\"target\":[\"https:\\\/\\\/mfgraphicdesigner.com\\\/index.php\\\/logo-zapette\\\/\"]}]},{\"@type\":\"ImageObject\",\"inLanguage\":\"fr-FR\",\"@id\":\"https:\\\/\\\/mfgraphicdesigner.com\\\/index.php\\\/logo-zapette\\\/#primaryimage\",\"url\":\"http:\\\/\\\/mfgraphicdesigner.com\\\/wp-content\\\/uploads\\\/2024\\\/08\\\/zapette-galerie-922x1024.jpg\",\"contentUrl\":\"http:\\\/\\\/mfgraphicdesigner.com\\\/wp-content\\\/uploads\\\/2024\\\/08\\\/zapette-galerie-922x1024.jpg\"},{\"@type\":\"BreadcrumbList\",\"@id\":\"https:\\\/\\\/mfgraphicdesigner.com\\\/index.php\\\/logo-zapette\\\/#breadcrumb\",\"itemListElement\":[{\"@type\":\"ListItem\",\"position\":1,\"name\":\"Accueil\",\"item\":\"https:\\\/\\\/mfgraphicdesigner.com\\\/\"},{\"@type\":\"ListItem\",\"position\":2,\"name\":\"Logo Zapette\"}]},{\"@type\":\"WebSite\",\"@id\":\"https:\\\/\\\/mfgraphicdesigner.com\\\/#website\",\"url\":\"https:\\\/\\\/mfgraphicdesigner.com\\\/\",\"name\":\"mfgraphicdesigner.com\",\"description\":\"\",\"publisher\":{\"@id\":\"https:\\\/\\\/mfgraphicdesigner.com\\\/#organization\"},\"potentialAction\":[{\"@type\":\"SearchAction\",\"target\":{\"@type\":\"EntryPoint\",\"urlTemplate\":\"https:\\\/\\\/mfgraphicdesigner.com\\\/?s={search_term_string}\"},\"query-input\":{\"@type\":\"PropertyValueSpecification\",\"valueRequired\":true,\"valueName\":\"search_term_string\"}}],\"inLanguage\":\"fr-FR\"},{\"@type\":\"Organization\",\"@id\":\"https:\\\/\\\/mfgraphicdesigner.com\\\/#organization\",\"name\":\"mfgraphicdesigner.com\",\"url\":\"https:\\\/\\\/mfgraphicdesigner.com\\\/\",\"logo\":{\"@type\":\"ImageObject\",\"inLanguage\":\"fr-FR\",\"@id\":\"https:\\\/\\\/mfgraphicdesigner.com\\\/#\\\/schema\\\/logo\\\/image\\\/\",\"url\":\"https:\\\/\\\/mfgraphicdesigner.com\\\/wp-content\\\/uploads\\\/2024\\\/01\\\/logo-final.png\",\"contentUrl\":\"https:\\\/\\\/mfgraphicdesigner.com\\\/wp-content\\\/uploads\\\/2024\\\/01\\\/logo-final.png\",\"width\":3798,\"height\":3646,\"caption\":\"mfgraphicdesigner.com\"},\"image\":{\"@id\":\"https:\\\/\\\/mfgraphicdesigner.com\\\/#\\\/schema\\\/logo\\\/image\\\/\"}}]}<\/script>\n<!-- \/ Yoast SEO plugin. -->","yoast_head_json":{"title":"Logo Zapette - mfgraphicdesigner","description":"Un logo simple et minimaliste pour une application de gestion de portail automatique d\u2019une r\u00e9sidence yvelinoise.","robots":{"index":"index","follow":"follow","max-snippet":"max-snippet:-1","max-image-preview":"max-image-preview:large","max-video-preview":"max-video-preview:-1"},"canonical":"https:\/\/mfgraphicdesigner.com\/index.php\/logo-zapette\/","og_locale":"fr_FR","og_type":"article","og_title":"Logo Zapette - mfgraphicdesigner","og_description":"Un logo simple et minimaliste pour une application de gestion de portail automatique d\u2019une r\u00e9sidence yvelinoise.","og_url":"https:\/\/mfgraphicdesigner.com\/index.php\/logo-zapette\/","og_site_name":"mfgraphicdesigner","article_modified_time":"2024-11-12T12:45:17+00:00","og_image":[{"url":"http:\/\/mfgraphicdesigner.com\/wp-content\/uploads\/2024\/08\/zapette-galerie-922x1024.jpg","type":"","width":"","height":""}],"twitter_card":"summary_large_image","twitter_misc":{"Dur\u00e9e de lecture estim\u00e9e":"1 minute"},"schema":{"@context":"https:\/\/schema.org","@graph":[{"@type":"WebPage","@id":"https:\/\/mfgraphicdesigner.com\/index.php\/logo-zapette\/","url":"https:\/\/mfgraphicdesigner.com\/index.php\/logo-zapette\/","name":"Logo Zapette - mfgraphicdesigner","isPartOf":{"@id":"https:\/\/mfgraphicdesigner.com\/#website"},"primaryImageOfPage":{"@id":"https:\/\/mfgraphicdesigner.com\/index.php\/logo-zapette\/#primaryimage"},"image":{"@id":"https:\/\/mfgraphicdesigner.com\/index.php\/logo-zapette\/#primaryimage"},"thumbnailUrl":"http:\/\/mfgraphicdesigner.com\/wp-content\/uploads\/2024\/08\/zapette-galerie-922x1024.jpg","datePublished":"2024-09-02T16:31:29+00:00","dateModified":"2024-11-12T12:45:17+00:00","description":"Un logo simple et minimaliste pour une application de gestion de portail automatique d\u2019une r\u00e9sidence yvelinoise.","breadcrumb":{"@id":"https:\/\/mfgraphicdesigner.com\/index.php\/logo-zapette\/#breadcrumb"},"inLanguage":"fr-FR","potentialAction":[{"@type":"ReadAction","target":["https:\/\/mfgraphicdesigner.com\/index.php\/logo-zapette\/"]}]},{"@type":"ImageObject","inLanguage":"fr-FR","@id":"https:\/\/mfgraphicdesigner.com\/index.php\/logo-zapette\/#primaryimage","url":"http:\/\/mfgraphicdesigner.com\/wp-content\/uploads\/2024\/08\/zapette-galerie-922x1024.jpg","contentUrl":"http:\/\/mfgraphicdesigner.com\/wp-content\/uploads\/2024\/08\/zapette-galerie-922x1024.jpg"},{"@type":"BreadcrumbList","@id":"https:\/\/mfgraphicdesigner.com\/index.php\/logo-zapette\/#breadcrumb","itemListElement":[{"@type":"ListItem","position":1,"name":"Accueil","item":"https:\/\/mfgraphicdesigner.com\/"},{"@type":"ListItem","position":2,"name":"Logo Zapette"}]},{"@type":"WebSite","@id":"https:\/\/mfgraphicdesigner.com\/#website","url":"https:\/\/mfgraphicdesigner.com\/","name":"mfgraphicdesigner.com","description":"","publisher":{"@id":"https:\/\/mfgraphicdesigner.com\/#organization"},"potentialAction":[{"@type":"SearchAction","target":{"@type":"EntryPoint","urlTemplate":"https:\/\/mfgraphicdesigner.com\/?s={search_term_string}"},"query-input":{"@type":"PropertyValueSpecification","valueRequired":true,"valueName":"search_term_string"}}],"inLanguage":"fr-FR"},{"@type":"Organization","@id":"https:\/\/mfgraphicdesigner.com\/#organization","name":"mfgraphicdesigner.com","url":"https:\/\/mfgraphicdesigner.com\/","logo":{"@type":"ImageObject","inLanguage":"fr-FR","@id":"https:\/\/mfgraphicdesigner.com\/#\/schema\/logo\/image\/","url":"https:\/\/mfgraphicdesigner.com\/wp-content\/uploads\/2024\/01\/logo-final.png","contentUrl":"https:\/\/mfgraphicdesigner.com\/wp-content\/uploads\/2024\/01\/logo-final.png","width":3798,"height":3646,"caption":"mfgraphicdesigner.com"},"image":{"@id":"https:\/\/mfgraphicdesigner.com\/#\/schema\/logo\/image\/"}}]}},"_links":{"self":[{"href":"https:\/\/mfgraphicdesigner.com\/index.php\/wp-json\/wp\/v2\/pages\/10501","targetHints":{"allow":["GET"]}}],"collection":[{"href":"https:\/\/mfgraphicdesigner.com\/index.php\/wp-json\/wp\/v2\/pages"}],"about":[{"href":"https:\/\/mfgraphicdesigner.com\/index.php\/wp-json\/wp\/v2\/types\/page"}],"author":[{"embeddable":true,"href":"https:\/\/mfgraphicdesigner.com\/index.php\/wp-json\/wp\/v2\/users\/1"}],"replies":[{"embeddable":true,"href":"https:\/\/mfgraphicdesigner.com\/index.php\/wp-json\/wp\/v2\/comments?post=10501"}],"version-history":[{"count":76,"href":"https:\/\/mfgraphicdesigner.com\/index.php\/wp-json\/wp\/v2\/pages\/10501\/revisions"}],"predecessor-version":[{"id":17328,"href":"https:\/\/mfgraphicdesigner.com\/index.php\/wp-json\/wp\/v2\/pages\/10501\/revisions\/17328"}],"wp:attachment":[{"href":"https:\/\/mfgraphicdesigner.com\/index.php\/wp-json\/wp\/v2\/media?parent=10501"}],"curies":[{"name":"wp","href":"https:\/\/api.w.org\/{rel}","templated":true}]}}